{"id":14639,"date":"2023-12-12T07:09:50","date_gmt":"2023-12-12T09:09:50","guid":{"rendered":"https:\/\/petruscaffe.com\/?page_id=14639"},"modified":"2023-12-12T07:24:43","modified_gmt":"2023-12-12T09:24:43","slug":"politika-privatnosti","status":"publish","type":"page","link":"https:\/\/petruscaffe.com\/de\/politika-privatnosti\/","title":{"rendered":"Politika Privatnosti"},"content":{"rendered":"<div data-elementor-type=\"wp-page\" data-elementor-id=\"14639\" class=\"elementor elementor-14639\" data-elementor-post-type=\"page\">\n\t\t\t\t<div class=\"elementor-element elementor-element-ee4b3c5 e-flex e-con-boxed e-con e-parent\" data-id=\"ee4b3c5\" data-element_type=\"container\">\n\t\t\t\t\t<div class=\"e-con-inner\">\n\t\t\t\t<div class=\"elementor-element elementor-element-b6c3e14 elementor-widget elementor-widget-heading\" data-id=\"b6c3e14\" data-element_type=\"widget\" data-widget_type=\"heading.default\">\n\t\t\t\t<div class=\"elementor-widget-container\">\n\t\t\t<h2 class=\"elementor-heading-title elementor-size-default\">Datenschutzerkl\u00e4rung f\u00fcr Restaurant Petrus\n<\/h2>\t\t<\/div>\n\t\t\t\t<\/div>\n\t\t\t\t<div class=\"elementor-element elementor-element-c87095f elementor-widget elementor-widget-text-editor\" data-id=\"c87095f\" data-element_type=\"widget\" data-widget_type=\"text-editor.default\">\n\t\t\t\t<div class=\"elementor-widget-container\">\n\t\t\t\t\t\t\t<p>Im Petrus Restaurant sind wir dem Schutz Ihrer Privatsph\u00e4re verpflichtet. Diese Datenschutzrichtlinie beschreibt die von uns erfassten Informationen, wie wir sie verwenden und welche Optionen Sie bez\u00fcglich Ihrer Daten haben, wenn Sie unsere Website besuchen oder unsere Dienste nutzen.<\/p>\n<h2>Informationen, die wir sammeln<\/h2>\n<p>Wenn Sie die Website des Petrus Restaurants besuchen oder eine Reservierung vornehmen, erfassen wir m\u00f6glicherweise die folgenden Informationen:<\/p>\n<ul>\n<li style=\"text-align: left;\">Pers\u00f6nliche Daten: Name, E-Mail-Adresse, Telefonnummer und andere Daten, die Sie bei der Reservierung oder Kontaktaufnahme mit uns angeben.<\/li>\n<li style=\"text-align: left;\">Nutzungsdaten: Informationen dar\u00fcber, wie Sie mit unserer Website interagieren, wie z. B. IP-Adresse, Browsertyp, besuchte Seiten und auf jeder Seite verbrachte Zeit.<\/li>\n<\/ul>\n<h2>Wie wir Ihre Informationen verwenden<\/h2>\n<p>Wir verwenden die gesammelten Informationen f\u00fcr folgende Zwecke:<\/p>\n<ul>\n<li style=\"text-align: left;\">Zur Erf\u00fcllung und Verwaltung der von Ihnen get\u00e4tigten Buchungen.<\/li>\n<li style=\"text-align: left;\">Um mit Ihnen bez\u00fcglich Ihrer Reservierung, Aktualisierungen, Werbeaktionen oder anderen Informationen im Zusammenhang mit dem Restaurant zu kommunizieren.<\/li>\n<li style=\"text-align: left;\">Um unsere Website und Dienstleistungen auf der Grundlage des Feedbacks und der Nutzungsdaten, die wir erhalten, zu verbessern.<\/li>\n<\/ul>\n<h2>Datensicherheit<\/h2>\n<p>Die Sicherheit Ihrer Daten hat f\u00fcr uns Priorit\u00e4t und wir ergreifen geeignete Ma\u00dfnahmen, um sie zu sch\u00fctzen. Bitte beachten Sie jedoch, dass keine Methode der \u00dcbertragung \u00fcber das Internet oder der elektronischen Speicherung zu 100 % sicher ist.<\/p>\n<h2>Informationsaustausch<\/h2>\n<p>Wir verkaufen, handeln oder \u00fcbermitteln Ihre pers\u00f6nlichen Daten nicht an Dritte. Wir k\u00f6nnen Ihre Informationen jedoch an vertrauensw\u00fcrdige Dritte weitergeben, die uns beim Betrieb unserer Website, bei der Abwicklung von Gesch\u00e4ften oder bei der Erbringung von Dienstleistungen unterst\u00fctzen, vorausgesetzt, dass diese Parteien sich bereit erkl\u00e4ren, diese Informationen vertraulich zu behandeln.<\/p>\n<h2>Ihre Rechte<\/h2>\n<p>Sie haben das Recht, auf Ihre pers\u00f6nlichen Daten zuzugreifen, sie zu aktualisieren oder zu l\u00f6schen. Wenn Sie dies tun m\u00f6chten, kontaktieren Sie uns bitte \u00fcber die unten angegebenen Informationen.<\/p>\n<h2>\u00c4nderungen dieser Datenschutzrichtlinie<\/h2>\n<p>Wir behalten uns das Recht vor, diese Datenschutzrichtlinie jederzeit zu aktualisieren oder zu \u00e4ndern. Alle \u00c4nderungen werden auf dieser Seite mit einem aktualisierten Revisionsdatum ver\u00f6ffentlicht.<\/p>\n<h2>Kontaktieren Sie uns<\/h2>\n<p>Wenn Sie Fragen oder Bedenken bez\u00fcglich dieser Datenschutzrichtlinie haben, kontaktieren Sie uns bitte unter:<\/p>\n<p>Petrus<br>Adresse: Trg Slobode 4, Novi Sad<br>E-mail: petrus@petruscaffe.com<\/p>\n<p>Telefon: +381 66 323 424<\/p>\t\t\t\t\t\t<\/div>\n\t\t\t\t<\/div>\n\t\t\t\t\t<\/div>\n\t\t\t\t<\/div>\n\t\t\t\t<\/div>","protected":false},"excerpt":{"rendered":"<p>Politika privatnosti za restoran Petrus U restoranu Petrus, posve\u0107eni smo za\u0161titi va\u0161e privatnosti. Ova Politika privatnosti opisuje informacije koje prikupljamo, kako ih koristimo i koje mogu\u0107nosti imate u vezi sa va\u0161im informacijama kada posetite na\u0161 veb sajt ili koristite na\u0161e usluge. Informacije koje prikupljamo Kada posetite veb sajt restorana Petrus ili napravite rezervaciju, mo\u017eemo prikupiti [&hellip;]<\/p>","protected":false},"author":1,"featured_media":0,"parent":0,"menu_order":0,"comment_status":"closed","ping_status":"closed","template":"elementor_header_footer","meta":{"_acf_changed":false,"footnotes":""},"class_list":["post-14639","page","type-page","status-publish","hentry"],"acf":[],"yoast_head":"<!-- This site is optimized with the Yoast SEO plugin v23.7 - https:\/\/yoast.com\/wordpress\/plugins\/seo\/ -->\n<title>Politika Privatnosti | PETRUS<\/title>\n<meta name=\"robots\" content=\"index, follow, max-snippet:-1, max-image-preview:large, max-video-preview:-1\" \/>\n<link rel=\"canonical\" href=\"https:\/\/petruscaffe.com\/de\/politika-privatnosti\/\" \/>\n<meta property=\"og:locale\" content=\"de_DE\" \/>\n<meta property=\"og:type\" content=\"article\" \/>\n<meta property=\"og:title\" content=\"Politika Privatnosti | PETRUS\" \/>\n<meta property=\"og:description\" content=\"Politika privatnosti za restoran Petrus U restoranu Petrus, posve\u0107eni smo za\u0161titi va\u0161e privatnosti. Ova Politika privatnosti opisuje informacije koje prikupljamo, kako ih koristimo i koje mogu\u0107nosti imate u vezi sa va\u0161im informacijama kada posetite na\u0161 veb sajt ili koristite na\u0161e usluge. Informacije koje prikupljamo Kada posetite veb sajt restorana Petrus ili napravite rezervaciju, mo\u017eemo prikupiti [&hellip;]\" \/>\n<meta property=\"og:url\" content=\"https:\/\/petruscaffe.com\/de\/politika-privatnosti\/\" \/>\n<meta property=\"og:site_name\" content=\"PETRUS\" \/>\n<meta property=\"article:modified_time\" content=\"2023-12-12T09:24:43+00:00\" \/>\n<meta name=\"twitter:card\" content=\"summary_large_image\" \/>\n<meta name=\"twitter:label1\" content=\"Gesch\u00e4tzte Lesezeit\" \/>\n\t<meta name=\"twitter:data1\" content=\"2\u00a0Minuten\" \/>\n<script type=\"application\/ld+json\" class=\"yoast-schema-graph\">{\"@context\":\"https:\/\/schema.org\",\"@graph\":[{\"@type\":\"WebPage\",\"@id\":\"https:\/\/petruscaffe.com\/politika-privatnosti\/\",\"url\":\"https:\/\/petruscaffe.com\/politika-privatnosti\/\",\"name\":\"Politika Privatnosti | PETRUS\",\"isPartOf\":{\"@id\":\"https:\/\/petruscaffe.com\/#website\"},\"datePublished\":\"2023-12-12T09:09:50+00:00\",\"dateModified\":\"2023-12-12T09:24:43+00:00\",\"breadcrumb\":{\"@id\":\"https:\/\/petruscaffe.com\/politika-privatnosti\/#breadcrumb\"},\"inLanguage\":\"de\",\"potentialAction\":[{\"@type\":\"ReadAction\",\"target\":[\"https:\/\/petruscaffe.com\/politika-privatnosti\/\"]}]},{\"@type\":\"BreadcrumbList\",\"@id\":\"https:\/\/petruscaffe.com\/politika-privatnosti\/#breadcrumb\",\"itemListElement\":[{\"@type\":\"ListItem\",\"position\":1,\"name\":\"Po\u010detna\",\"item\":\"https:\/\/petruscaffe.com\/\"},{\"@type\":\"ListItem\",\"position\":2,\"name\":\"Politika Privatnosti\"}]},{\"@type\":\"WebSite\",\"@id\":\"https:\/\/petruscaffe.com\/#website\",\"url\":\"https:\/\/petruscaffe.com\/\",\"name\":\"PETRUS\",\"description\":\"Caffe Gallery Bar\",\"publisher\":{\"@id\":\"https:\/\/petruscaffe.com\/#organization\"},\"potentialAction\":[{\"@type\":\"SearchAction\",\"target\":{\"@type\":\"EntryPoint\",\"urlTemplate\":\"https:\/\/petruscaffe.com\/?s={search_term_string}\"},\"query-input\":{\"@type\":\"PropertyValueSpecification\",\"valueRequired\":true,\"valueName\":\"search_term_string\"}}],\"inLanguage\":\"de\"},{\"@type\":\"Organization\",\"@id\":\"https:\/\/petruscaffe.com\/#organization\",\"name\":\"PETRUS\",\"url\":\"https:\/\/petruscaffe.com\/\",\"logo\":{\"@type\":\"ImageObject\",\"inLanguage\":\"de\",\"@id\":\"https:\/\/petruscaffe.com\/#\/schema\/logo\/image\/\",\"url\":\"https:\/\/petruscaffe.com\/wp-content\/uploads\/2021\/10\/PETRUS-LOGO-ORIGINAL-PNG.png\",\"contentUrl\":\"https:\/\/petruscaffe.com\/wp-content\/uploads\/2021\/10\/PETRUS-LOGO-ORIGINAL-PNG.png\",\"width\":4917,\"height\":2202,\"caption\":\"PETRUS\"},\"image\":{\"@id\":\"https:\/\/petruscaffe.com\/#\/schema\/logo\/image\/\"}}]}<\/script>\n<!-- \/ Yoast SEO plugin. -->","yoast_head_json":{"title":"Politika Privatnosti | PETRUS","robots":{"index":"index","follow":"follow","max-snippet":"max-snippet:-1","max-image-preview":"max-image-preview:large","max-video-preview":"max-video-preview:-1"},"canonical":"https:\/\/petruscaffe.com\/de\/politika-privatnosti\/","og_locale":"de_DE","og_type":"article","og_title":"Politika Privatnosti | PETRUS","og_description":"Politika privatnosti za restoran Petrus U restoranu Petrus, posve\u0107eni smo za\u0161titi va\u0161e privatnosti. Ova Politika privatnosti opisuje informacije koje prikupljamo, kako ih koristimo i koje mogu\u0107nosti imate u vezi sa va\u0161im informacijama kada posetite na\u0161 veb sajt ili koristite na\u0161e usluge. Informacije koje prikupljamo Kada posetite veb sajt restorana Petrus ili napravite rezervaciju, mo\u017eemo prikupiti [&hellip;]","og_url":"https:\/\/petruscaffe.com\/de\/politika-privatnosti\/","og_site_name":"PETRUS","article_modified_time":"2023-12-12T09:24:43+00:00","twitter_card":"summary_large_image","twitter_misc":{"Gesch\u00e4tzte Lesezeit":"2\u00a0Minuten"},"schema":{"@context":"https:\/\/schema.org","@graph":[{"@type":"WebPage","@id":"https:\/\/petruscaffe.com\/politika-privatnosti\/","url":"https:\/\/petruscaffe.com\/politika-privatnosti\/","name":"Politika Privatnosti | PETRUS","isPartOf":{"@id":"https:\/\/petruscaffe.com\/#website"},"datePublished":"2023-12-12T09:09:50+00:00","dateModified":"2023-12-12T09:24:43+00:00","breadcrumb":{"@id":"https:\/\/petruscaffe.com\/politika-privatnosti\/#breadcrumb"},"inLanguage":"de","potentialAction":[{"@type":"ReadAction","target":["https:\/\/petruscaffe.com\/politika-privatnosti\/"]}]},{"@type":"BreadcrumbList","@id":"https:\/\/petruscaffe.com\/politika-privatnosti\/#breadcrumb","itemListElement":[{"@type":"ListItem","position":1,"name":"Po\u010detna","item":"https:\/\/petruscaffe.com\/"},{"@type":"ListItem","position":2,"name":"Politika Privatnosti"}]},{"@type":"WebSite","@id":"https:\/\/petruscaffe.com\/#website","url":"https:\/\/petruscaffe.com\/","name":"PETRUS","description":"Caffe Gallery Bar","publisher":{"@id":"https:\/\/petruscaffe.com\/#organization"},"potentialAction":[{"@type":"SearchAction","target":{"@type":"EntryPoint","urlTemplate":"https:\/\/petruscaffe.com\/?s={search_term_string}"},"query-input":{"@type":"PropertyValueSpecification","valueRequired":true,"valueName":"search_term_string"}}],"inLanguage":"de"},{"@type":"Organization","@id":"https:\/\/petruscaffe.com\/#organization","name":"PETRUS","url":"https:\/\/petruscaffe.com\/","logo":{"@type":"ImageObject","inLanguage":"de","@id":"https:\/\/petruscaffe.com\/#\/schema\/logo\/image\/","url":"https:\/\/petruscaffe.com\/wp-content\/uploads\/2021\/10\/PETRUS-LOGO-ORIGINAL-PNG.png","contentUrl":"https:\/\/petruscaffe.com\/wp-content\/uploads\/2021\/10\/PETRUS-LOGO-ORIGINAL-PNG.png","width":4917,"height":2202,"caption":"PETRUS"},"image":{"@id":"https:\/\/petruscaffe.com\/#\/schema\/logo\/image\/"}}]}},"_links":{"self":[{"href":"https:\/\/petruscaffe.com\/de\/wp-json\/wp\/v2\/pages\/14639"}],"collection":[{"href":"https:\/\/petruscaffe.com\/de\/wp-json\/wp\/v2\/pages"}],"about":[{"href":"https:\/\/petruscaffe.com\/de\/wp-json\/wp\/v2\/types\/page"}],"author":[{"embeddable":true,"href":"https:\/\/petruscaffe.com\/de\/wp-json\/wp\/v2\/users\/1"}],"replies":[{"embeddable":true,"href":"https:\/\/petruscaffe.com\/de\/wp-json\/wp\/v2\/comments?post=14639"}],"version-history":[{"count":13,"href":"https:\/\/petruscaffe.com\/de\/wp-json\/wp\/v2\/pages\/14639\/revisions"}],"predecessor-version":[{"id":14652,"href":"https:\/\/petruscaffe.com\/de\/wp-json\/wp\/v2\/pages\/14639\/revisions\/14652"}],"wp:attachment":[{"href":"https:\/\/petruscaffe.com\/de\/wp-json\/wp\/v2\/media?parent=14639"}],"curies":[{"name":"wp","href":"https:\/\/api.w.org\/{rel}","templated":true}]}}