{"id":3898,"date":"2021-10-20T05:52:51","date_gmt":"2021-10-20T07:52:51","guid":{"rendered":"https:\/\/petruscaffe.com\/?page_id=3898"},"modified":"2025-02-02T12:17:57","modified_gmt":"2025-02-02T14:17:57","slug":"kontakt","status":"publish","type":"page","link":"https:\/\/petruscaffe.com\/de\/kontakt\/","title":{"rendered":"Kontakt"},"content":{"rendered":"<div data-elementor-type=\"wp-page\" data-elementor-id=\"3898\" class=\"elementor elementor-3898\" data-elementor-post-type=\"page\">\n\t\t\t\t\t\t<section class=\"elementor-section elementor-top-section elementor-element elementor-element-ca83454 elementor-section-full_width elementor-section-height-default elementor-section-height-default\" data-id=\"ca83454\" data-element_type=\"section\">\n\t\t\t\t\t\t<div class=\"elementor-container elementor-column-gap-default\">\n\t\t\t\t\t<div class=\"elementor-column elementor-col-100 elementor-top-column elementor-element elementor-element-8b858b7\" data-id=\"8b858b7\" data-element_type=\"column\">\n\t\t\t<div class=\"elementor-widget-wrap elementor-element-populated\">\n\t\t\t\t\t\t<div class=\"elementor-element elementor-element-6950c65 elementor--h-position-center elementor--v-position-middle elementor-widget elementor-widget-slides\" data-id=\"6950c65\" data-element_type=\"widget\" data-settings=\"{&quot;navigation&quot;:&quot;none&quot;,&quot;autoplay_speed&quot;:10000,&quot;autoplay&quot;:&quot;yes&quot;,&quot;infinite&quot;:&quot;yes&quot;,&quot;transition&quot;:&quot;slide&quot;,&quot;transition_speed&quot;:500}\" data-widget_type=\"slides.default\">\n\t\t\t\t<div class=\"elementor-widget-container\">\n\t\t\t\t\t<div class=\"elementor-swiper\">\n\t\t\t<div class=\"elementor-slides-wrapper elementor-main-swiper swiper\" dir=\"ltr\" data-animation=\"\">\n\t\t\t\t<div class=\"swiper-wrapper elementor-slides\">\n\t\t\t\t\t\t\t\t\t\t<div class=\"elementor-repeater-item-1845b2c swiper-slide\"><div class=\"swiper-slide-bg elementor-ken-burns elementor-ken-burns--in\" role=\"img\"><\/div><div class=\"swiper-slide-inner\" ><div class=\"swiper-slide-contents\"><\/div><\/div><\/div>\t\t\t\t<\/div>\n\t\t\t\t\t\t\t<\/div>\n\t\t<\/div>\n\t\t\t\t<\/div>\n\t\t\t\t<\/div>\n\t\t\t\t<div class=\"elementor-element elementor-element-15e05dc scroll-arrow elementor-widget elementor-widget-html\" data-id=\"15e05dc\" data-element_type=\"widget\" data-settings=\"{&quot;motion_fx_motion_fx_scrolling&quot;:&quot;yes&quot;,&quot;motion_fx_opacity_effect&quot;:&quot;yes&quot;,&quot;motion_fx_opacity_direction&quot;:&quot;in-out&quot;,&quot;motion_fx_range&quot;:&quot;viewport&quot;,&quot;motion_fx_opacity_level&quot;:{&quot;unit&quot;:&quot;px&quot;,&quot;size&quot;:10,&quot;sizes&quot;:[]},&quot;motion_fx_opacity_range&quot;:{&quot;unit&quot;:&quot;%&quot;,&quot;size&quot;:&quot;&quot;,&quot;sizes&quot;:{&quot;start&quot;:20,&quot;end&quot;:80}},&quot;motion_fx_devices&quot;:[&quot;desktop&quot;,&quot;tablet&quot;,&quot;mobile&quot;]}\" data-widget_type=\"html.default\">\n\t\t\t\t<div class=\"elementor-widget-container\">\n\t\t\t<div class=\"mouse_scroll\">\r\n\t<div>\r\n\t\t<span class=\"m_scroll_arrows unu\"><\/span>\r\n\t<\/div>\r\n<\/div>\r\n\t\t<\/div>\n\t\t\t\t<\/div>\n\t\t\t\t\t<\/div>\n\t\t<\/div>\n\t\t\t\t\t<\/div>\n\t\t<\/section>\n\t\t\t\t<section class=\"elementor-section elementor-top-section elementor-element elementor-element-9380a89 elementor-section-boxed elementor-section-height-default elementor-section-height-default\" data-id=\"9380a89\" data-element_type=\"section\" data-settings=\"{&quot;background_background&quot;:&quot;classic&quot;}\">\n\t\t\t\t\t\t\t<div class=\"elementor-background-overlay\"><\/div>\n\t\t\t\t\t\t\t<div class=\"elementor-container elementor-column-gap-default\">\n\t\t\t\t\t<div class=\"elementor-column elementor-col-100 elementor-top-column elementor-element elementor-element-4085a89\" data-id=\"4085a89\" data-element_type=\"column\">\n\t\t\t<div class=\"elementor-widget-wrap elementor-element-populated\">\n\t\t\t\t\t\t<section class=\"elementor-section elementor-inner-section elementor-element elementor-element-0f072c6 elementor-section-content-middle elementor-section-boxed elementor-section-height-default elementor-section-height-default\" data-id=\"0f072c6\" data-element_type=\"section\">\n\t\t\t\t\t\t<div class=\"elementor-container elementor-column-gap-default\">\n\t\t\t\t\t<div class=\"elementor-column elementor-col-50 elementor-inner-column elementor-element elementor-element-8d6a218\" data-id=\"8d6a218\" data-element_type=\"column\">\n\t\t\t<div class=\"elementor-widget-wrap elementor-element-populated\">\n\t\t\t\t\t\t<div class=\"elementor-element elementor-element-86cd07a elementor-widget elementor-widget-heading\" data-id=\"86cd07a\" data-element_type=\"widget\" data-widget_type=\"heading.default\">\n\t\t\t\t<div class=\"elementor-widget-container\">\n\t\t\t<h2 class=\"elementor-heading-title elementor-size-default\">KONTAKT<\/h2>\t\t<\/div>\n\t\t\t\t<\/div>\n\t\t\t\t<div class=\"elementor-element elementor-element-1697506 elementor-shape-rounded elementor-grid-0 e-grid-align-center elementor-widget elementor-widget-social-icons\" data-id=\"1697506\" data-element_type=\"widget\" data-widget_type=\"social-icons.default\">\n\t\t\t\t<div class=\"elementor-widget-container\">\n\t\t\t\t\t<div class=\"elementor-social-icons-wrapper elementor-grid\">\n\t\t\t\t\t\t\t<span class=\"elementor-grid-item\">\n\t\t\t\t\t<a class=\"elementor-icon elementor-social-icon elementor-social-icon-facebook elementor-repeater-item-69215d3\" href=\"https:\/\/www.facebook.com\/petrusgastrobar\/\" target=\"_blank\">\n\t\t\t\t\t\t<span class=\"elementor-screen-only\">Facebook<\/span>\n\t\t\t\t\t\t<svg class=\"e-font-icon-svg e-fab-facebook\" viewbox=\"0 0 512 512\" xmlns=\"http:\/\/www.w3.org\/2000\/svg\"><path d=\"M504 256C504 119 393 8 256 8S8 119 8 256c0 123.78 90.69 226.38 209.25 245V327.69h-63V256h63v-54.64c0-62.15 37-96.48 93.67-96.48 27.14 0 55.52 4.84 55.52 4.84v61h-31.28c-30.8 0-40.41 19.12-40.41 38.73V256h68.78l-11 71.69h-57.78V501C413.31 482.38 504 379.78 504 256z\"><\/path><\/svg>\t\t\t\t\t<\/a>\n\t\t\t\t<\/span>\n\t\t\t\t\t\t\t<span class=\"elementor-grid-item\">\n\t\t\t\t\t<a class=\"elementor-icon elementor-social-icon elementor-social-icon-instagram elementor-repeater-item-98dc834\" href=\"https:\/\/www.instagram.com\/petrus_ns\/\" target=\"_blank\">\n\t\t\t\t\t\t<span class=\"elementor-screen-only\">Instagram<\/span>\n\t\t\t\t\t\t<svg class=\"e-font-icon-svg e-fab-instagram\" viewbox=\"0 0 448 512\" xmlns=\"http:\/\/www.w3.org\/2000\/svg\"><path d=\"M224.1 141c-63.6 0-114.9 51.3-114.9 114.9s51.3 114.9 114.9 114.9S339 319.5 339 255.9 287.7 141 224.1 141zm0 189.6c-41.1 0-74.7-33.5-74.7-74.7s33.5-74.7 74.7-74.7 74.7 33.5 74.7 74.7-33.6 74.7-74.7 74.7zm146.4-194.3c0 14.9-12 26.8-26.8 26.8-14.9 0-26.8-12-26.8-26.8s12-26.8 26.8-26.8 26.8 12 26.8 26.8zm76.1 27.2c-1.7-35.9-9.9-67.7-36.2-93.9-26.2-26.2-58-34.4-93.9-36.2-37-2.1-147.9-2.1-184.9 0-35.8 1.7-67.6 9.9-93.9 36.1s-34.4 58-36.2 93.9c-2.1 37-2.1 147.9 0 184.9 1.7 35.9 9.9 67.7 36.2 93.9s58 34.4 93.9 36.2c37 2.1 147.9 2.1 184.9 0 35.9-1.7 67.7-9.9 93.9-36.2 26.2-26.2 34.4-58 36.2-93.9 2.1-37 2.1-147.8 0-184.8zM398.8 388c-7.8 19.6-22.9 34.7-42.6 42.6-29.5 11.7-99.5 9-132.1 9s-102.7 2.6-132.1-9c-19.6-7.8-34.7-22.9-42.6-42.6-11.7-29.5-9-99.5-9-132.1s-2.6-102.7 9-132.1c7.8-19.6 22.9-34.7 42.6-42.6 29.5-11.7 99.5-9 132.1-9s102.7-2.6 132.1 9c19.6 7.8 34.7 22.9 42.6 42.6 11.7 29.5 9 99.5 9 132.1s2.7 102.7-9 132.1z\"><\/path><\/svg>\t\t\t\t\t<\/a>\n\t\t\t\t<\/span>\n\t\t\t\t\t<\/div>\n\t\t\t\t<\/div>\n\t\t\t\t<\/div>\n\t\t\t\t<div class=\"elementor-element elementor-element-f8a1a12 elementor-widget elementor-widget-text-editor\" data-id=\"f8a1a12\" data-element_type=\"widget\" data-widget_type=\"text-editor.default\">\n\t\t\t\t<div class=\"elementor-widget-container\">\n\t\t\t\t\t\t\t+381 66 323424\n\n<br><br>\n\npetrus@petruscaffe.com\n\n<br><br>\n\nTrg Slobode 4, <br>\n21000 Novi Sad, <br>\nSerbia\t\t\t\t\t\t<\/div>\n\t\t\t\t<\/div>\n\t\t\t\t\t<\/div>\n\t\t<\/div>\n\t\t\t\t<div class=\"elementor-column elementor-col-50 elementor-inner-column elementor-element elementor-element-a651744\" data-id=\"a651744\" data-element_type=\"column\">\n\t\t\t<div class=\"elementor-widget-wrap elementor-element-populated\">\n\t\t\t\t\t\t<div class=\"elementor-element elementor-element-e6638b2 elementor-widget elementor-widget-html\" data-id=\"e6638b2\" data-element_type=\"widget\" data-widget_type=\"html.default\">\n\t\t\t\t<div class=\"elementor-widget-container\">\n\t\t\t<iframe src=\"https:\/\/www.google.com\/maps\/embed?pb=!1m18!1m12!1m3!1d2808.6577895067458!2d19.843125515550504!3d45.254712379099054!2m3!1f0!2f0!3f0!3m2!1i1024!2i768!4f13.1!3m3!1m2!1s0x475b10690016a409%3A0x74a1c8c3caab3fc!2sTrg%20slobode%204%2C%20Novi%20Sad%2021000!5e0!3m2!1sen!2srs!4v1636378767660!5m2!1sen!2srs\" width=\"600\" height=\"500\" frameborder=\"0\" style=\"border:0;\" class=\"map\" loading=\"lazy\"><\/iframe>\t\t<\/div>\n\t\t\t\t<\/div>\n\t\t\t\t\t<\/div>\n\t\t<\/div>\n\t\t\t\t\t<\/div>\n\t\t<\/section>\n\t\t\t\t\t<\/div>\n\t\t<\/div>\n\t\t\t\t\t<\/div>\n\t\t<\/section>\n\t\t\t\t<section class=\"elementor-section elementor-top-section elementor-element elementor-element-81ef57e elementor-section-boxed elementor-section-height-default elementor-section-height-default\" data-id=\"81ef57e\" data-element_type=\"section\" data-settings=\"{&quot;background_background&quot;:&quot;classic&quot;}\">\n\t\t\t\t\t\t\t<div class=\"elementor-background-overlay\"><\/div>\n\t\t\t\t\t\t\t<div class=\"elementor-container elementor-column-gap-default\">\n\t\t\t\t\t<div class=\"elementor-column elementor-col-100 elementor-top-column elementor-element elementor-element-264f06a\" data-id=\"264f06a\" data-element_type=\"column\">\n\t\t\t<div class=\"elementor-widget-wrap elementor-element-populated\">\n\t\t\t\t\t\t<section class=\"elementor-section elementor-inner-section elementor-element elementor-element-4ebb465 elementor-section-boxed elementor-section-height-default elementor-section-height-default\" data-id=\"4ebb465\" data-element_type=\"section\">\n\t\t\t\t\t\t<div class=\"elementor-container elementor-column-gap-default\">\n\t\t\t\t\t<div class=\"elementor-column elementor-col-100 elementor-inner-column elementor-element elementor-element-5fdd36e\" data-id=\"5fdd36e\" data-element_type=\"column\">\n\t\t\t<div class=\"elementor-widget-wrap elementor-element-populated\">\n\t\t\t\t\t\t<div class=\"elementor-element elementor-element-00c24c3 elementor-widget elementor-widget-text-editor\" data-id=\"00c24c3\" data-element_type=\"widget\" id=\"kontakt-paragraph\" data-widget_type=\"text-editor.default\">\n\t\t\t\t<div class=\"elementor-widget-container\">\n\t\t\t\t\t\t\t<p style=\"text-align: center;\"><span style=\"font-weight: 400;\">\u201ePETRUS\u201c ist ein europ\u00e4isches Restaurant, bekannt f\u00fcr seine erstklassige K\u00fcche. Es befindet sich im Herzen von Novi Sad und bietet verschiedene Arten lokaler und internationaler K\u00fcche an. Unsere Gerichte sind das Ergebnis kontinuierlicher Forschung und werden aus Zutaten h\u00f6chster Qualit\u00e4t zubereitet.\u00a0<\/span><\/p><p style=\"text-align: center;\"><span style=\"font-weight: 400;\">Petrus ist als ideales Familienrestaurant, aber auch als Fr\u00fchst\u00fccks- und Brunchrestaurant eingerichtet. Der Faktor, der den Unterschied ausmacht, ist zweifellos unser Catering-Service: von qualifiziertem Personal, Kellnern und K\u00f6chen, die alle Erwartungen erf\u00fcllen, bis hin zu Geschmackskombinationen und kreativen Kochtechniken, die Ihre wichtigsten Momente unvergesslich machen werden.<\/span><\/p>\t\t\t\t\t\t<\/div>\n\t\t\t\t<\/div>\n\t\t\t\t\t<\/div>\n\t\t<\/div>\n\t\t\t\t\t<\/div>\n\t\t<\/section>\n\t\t\t\t\t<\/div>\n\t\t<\/div>\n\t\t\t\t\t<\/div>\n\t\t<\/section>\n\t\t\t\t<section class=\"elementor-section elementor-top-section elementor-element elementor-element-c62b48d elementor-section-boxed elementor-section-height-default elementor-section-height-default\" data-id=\"c62b48d\" data-element_type=\"section\" data-settings=\"{&quot;background_background&quot;:&quot;classic&quot;}\">\n\t\t\t\t\t\t\t<div class=\"elementor-background-overlay\"><\/div>\n\t\t\t\t\t\t\t<div class=\"elementor-container elementor-column-gap-default\">\n\t\t\t\t\t<div class=\"elementor-column elementor-col-100 elementor-top-column elementor-element elementor-element-af0bf1a\" data-id=\"af0bf1a\" data-element_type=\"column\">\n\t\t\t<div class=\"elementor-widget-wrap elementor-element-populated\">\n\t\t\t\t\t\t<div class=\"elementor-element elementor-element-40fe6e5 elementor-widget elementor-widget-heading\" data-id=\"40fe6e5\" data-element_type=\"widget\" data-widget_type=\"heading.default\">\n\t\t\t\t<div class=\"elementor-widget-container\">\n\t\t\t<h2 class=\"elementor-heading-title elementor-size-default\">\u00dcBER DEN NAMEN DES RESTAURANTS<\/h2>\t\t<\/div>\n\t\t\t\t<\/div>\n\t\t\t\t<div class=\"elementor-element elementor-element-f0ec320 elementor-widget elementor-widget-text-editor\" data-id=\"f0ec320\" data-element_type=\"widget\" id=\"kontakt-paragraph\" data-widget_type=\"text-editor.default\">\n\t\t\t\t<div class=\"elementor-widget-container\">\n\t\t\t\t\t\t\t<p style=\"text-align: center;\"><span style=\"font-weight: 400;\">Petrus ist eine Festung in Serbien, die sich 11 Kilometer nord\u00f6stlich des heutigen Para\u0107in in der N\u00e4he des Dorfes Zabrega befindet. Es liegt auf einem H\u00fcgel, der auf drei Seiten vom Fluss Crnica umgeben ist, w\u00e4hrend es auf der vierten (westlichen) Seite durch eine k\u00fcnstliche Schanze gesch\u00fctzt wird. Diese Festung ist eine der gr\u00f6\u00dften Bergbefestigungen, die im 14. und 15. Jahrhundert in Serbien zum Schutz vor den Osmanen errichtet wurde. Die Herrscher von Petrus waren der Pr\u00e4fekt Vukoslav und sein Sohn Crep, die Zeitgenossen von Kaiser Du\u0161an und F\u00fcrst Lazar waren.<\/span><\/p><p style=\"text-align: center;\"><span style=\"font-weight: 400;\">Heute liegt Petrus gr\u00f6\u00dftenteils in Tr\u00fcmmern, aber es war bis 1413 ein bewohnter Ort, als die letzten Informationen dar\u00fcber zur\u00fcckreichen, als es von Bajazits Sohn Musa zusammen mit einer Reihe von Festungen besetzt wurde. Die Festung wurde entweder damals oder nach dem Zusammenbruch des mittelalterlichen Serbiens im Jahr 1459 aufgegeben. An der Stelle von Petrus k\u00f6nnte in r\u00f6mischer Zeit eine Festung gestanden haben, und zwar im 6. Jahrhundert, als sie unter Justinian eine r\u00f6mische Festung war.<\/span><\/p><p style=\"text-align: center;\"><span style=\"font-weight: 400;\">W\u00e4hrend des 10. Jahrhunderts war Petrus ein Treffpunkt f\u00fcr Einsiedlerm\u00f6nche, und zur Zeit von Stefan Nemanja war es zusammen mit der Umgebung das einzige Gebiet auf der rechten Seite der Velika Morava, das st\u00e4ndig unter ihrer Herrschaft stand. In der Mitte des 14. Jahrhunderts schenkte Kaiser Du\u0161an dem Pr\u00e4fekten Vukoslav das Gebiet um Petrus, und es wird vermutet, dass er diese Festung errichtete, die noch heute sichtbar ist. Nach seinem Tod wurde die Verwaltung der Festung von seinem Sohn Crep \u00fcbernommen. Seitdem gibt es nur wenige historische Daten.<\/span><\/p>\t\t\t\t\t\t<\/div>\n\t\t\t\t<\/div>\n\t\t\t\t\t<\/div>\n\t\t<\/div>\n\t\t\t\t\t<\/div>\n\t\t<\/section>\n\t\t\t\t<section class=\"elementor-section elementor-top-section elementor-element elementor-element-7efa902 elementor-section-boxed elementor-section-height-default elementor-section-height-default\" data-id=\"7efa902\" data-element_type=\"section\" data-settings=\"{&quot;background_background&quot;:&quot;classic&quot;}\">\n\t\t\t\t\t\t\t<div class=\"elementor-background-overlay\"><\/div>\n\t\t\t\t\t\t\t<div class=\"elementor-container elementor-column-gap-default\">\n\t\t\t\t\t<div class=\"elementor-column elementor-col-100 elementor-top-column elementor-element elementor-element-af11c12\" data-id=\"af11c12\" data-element_type=\"column\">\n\t\t\t<div class=\"elementor-widget-wrap elementor-element-populated\">\n\t\t\t\t\t\t<div class=\"elementor-element elementor-element-f5c7747 elementor-widget elementor-widget-heading\" data-id=\"f5c7747\" data-element_type=\"widget\" data-widget_type=\"heading.default\">\n\t\t\t\t<div class=\"elementor-widget-container\">\n\t\t\t<h2 class=\"elementor-heading-title elementor-size-default\">LEGENDEN RUND UM PETRUS<\/h2>\t\t<\/div>\n\t\t\t\t<\/div>\n\t\t\t\t<div class=\"elementor-element elementor-element-c6021fc elementor-widget elementor-widget-text-editor\" data-id=\"c6021fc\" data-element_type=\"widget\" id=\"kontakt-paragraph\" data-widget_type=\"text-editor.default\">\n\t\t\t\t<div class=\"elementor-widget-container\">\n\t\t\t\t\t\t\t<p style=\"text-align: center;\"><span style=\"font-weight: 400;\">Viele Legenden haben sich im Volk erhalten, und eine davon besagt, dass Petrus als Grenzfestung des Staates des F\u00fcrsten Lazar, mit seinen Signalen den F\u00fcrsten in Kru\u0161evac vor den Einf\u00e4llen der osmanischen Pl\u00fcnderungskompanien warnte. Wenn einer von ihnen entdeckt wurde, wurde in Petrus ein gro\u00dfes Feuer angez\u00fcndet, das im Dorf Le\u0161je in der N\u00e4he des Klosters der Allerheiligsten Muttergottes zu sehen war. Dort entz\u00fcndete der M\u00f6nch Dionysius, der Bruder des Herzogs Crepa, sofort ein weiteres Feuer, das in Stala\u0107 zu sehen war. Zu dieser Zeit entz\u00fcndete die Mannschaft von Stala\u0107 sofort das dritte Feuer, das in Kru\u0161evac gesehen wurde, was den damaligen F\u00fcrsten informierte.<\/span><\/p>\t\t\t\t\t\t<\/div>\n\t\t\t\t<\/div>\n\t\t\t\t\t<\/div>\n\t\t<\/div>\n\t\t\t\t\t<\/div>\n\t\t<\/section>\n\t\t\t\t<section class=\"elementor-section elementor-top-section elementor-element elementor-element-1296406 elementor-section-height-min-height elementor-section-boxed elementor-section-height-default elementor-section-items-middle\" data-id=\"1296406\" data-element_type=\"section\" data-settings=\"{&quot;background_background&quot;:&quot;classic&quot;}\">\n\t\t\t\t\t\t<div class=\"elementor-container elementor-column-gap-default\">\n\t\t\t\t\t<div class=\"elementor-column elementor-col-100 elementor-top-column elementor-element elementor-element-6cf62be\" data-id=\"6cf62be\" data-element_type=\"column\">\n\t\t\t<div class=\"elementor-widget-wrap elementor-element-populated\">\n\t\t\t\t\t\t<div class=\"elementor-element elementor-element-fcb1394 elementor-align-center elementor-widget elementor-widget-button\" data-id=\"fcb1394\" data-element_type=\"widget\" data-widget_type=\"button.default\">\n\t\t\t\t<div class=\"elementor-widget-container\">\n\t\t\t\t\t<div class=\"elementor-button-wrapper\">\n\t\t\t<a class=\"elementor-button elementor-button-link elementor-size-lg\" href=\"https:\/\/petruscaffe.com\/de\/reservierungen\/\">\n\t\t\t\t\t\t<span class=\"elementor-button-content-wrapper\">\n\t\t\t\t\t\t\t\t\t<span class=\"elementor-button-text\">RESERVIERUNGEN<\/span>\n\t\t\t\t\t<\/span>\n\t\t\t\t\t<\/a>\n\t\t<\/div>\n\t\t\t\t<\/div>\n\t\t\t\t<\/div>\n\t\t\t\t\t<\/div>\n\t\t<\/div>\n\t\t\t\t\t<\/div>\n\t\t<\/section>\n\t\t\t\t<\/div>","protected":false},"excerpt":{"rendered":"<p>KONTAKT Facebook Instagram +381 66 323424 petrus@petruscaffe.com Trg Slobode 4, 21000 Novi Sad, Serbia Restoran \u201cPETRUS\u201d, sme\u0161ten u samom srcu Novog Sada, u ulici Modene 1-3, evropski je restoran, poznat po vrhunskom meniju, a nudi razli\u010dite vrste doma\u0107e i internacionalne kuhinje. Jela su rezultat kontinuiranog istra\u017eivanja i napravljena su od sastojaka najvi\u0161eg kvaliteta.\u00a0 Organizovan je [&hellip;]<\/p>","protected":false},"author":1,"featured_media":0,"parent":0,"menu_order":0,"comment_status":"closed","ping_status":"closed","template":"elementor_header_footer","meta":{"_acf_changed":false,"footnotes":""},"class_list":["post-3898","page","type-page","status-publish","hentry"],"acf":[],"yoast_head":"<!-- This site is optimized with the Yoast SEO plugin v23.7 - https:\/\/yoast.com\/wordpress\/plugins\/seo\/ -->\n<title>Kontaktirajte Nas | Petrus Restoran | Novi Sad<\/title>\n<meta name=\"description\" content=\"Za sve informacije smo tu za vas. Mo\u017eete nas slobodno kontaktirati putem telefona, email-a ili putem dru\u0161tvenih mre\u017ea i odgovori\u0107emo vam u najkra\u0107em roku.\" \/>\n<meta name=\"robots\" content=\"index, follow, max-snippet:-1, max-image-preview:large, max-video-preview:-1\" \/>\n<link rel=\"canonical\" href=\"https:\/\/petruscaffe.com\/de\/kontakt\/\" \/>\n<meta property=\"og:locale\" content=\"de_DE\" \/>\n<meta property=\"og:type\" content=\"article\" \/>\n<meta property=\"og:title\" content=\"Kontaktirajte Nas | Petrus Restoran | Novi Sad\" \/>\n<meta property=\"og:description\" content=\"Za sve informacije smo tu za vas. Mo\u017eete nas slobodno kontaktirati putem telefona, email-a ili putem dru\u0161tvenih mre\u017ea i odgovori\u0107emo vam u najkra\u0107em roku.\" \/>\n<meta property=\"og:url\" content=\"https:\/\/petruscaffe.com\/de\/kontakt\/\" \/>\n<meta property=\"og:site_name\" content=\"PETRUS\" \/>\n<meta property=\"article:modified_time\" content=\"2025-02-02T14:17:57+00:00\" \/>\n<meta name=\"twitter:card\" content=\"summary_large_image\" \/>\n<meta name=\"twitter:label1\" content=\"Gesch\u00e4tzte Lesezeit\" \/>\n\t<meta name=\"twitter:data1\" content=\"2\u00a0Minuten\" \/>\n<script type=\"application\/ld+json\" class=\"yoast-schema-graph\">{\"@context\":\"https:\/\/schema.org\",\"@graph\":[{\"@type\":\"WebPage\",\"@id\":\"https:\/\/petruscaffe.com\/kontakt\/\",\"url\":\"https:\/\/petruscaffe.com\/kontakt\/\",\"name\":\"Kontaktirajte Nas | Petrus Restoran | Novi Sad\",\"isPartOf\":{\"@id\":\"https:\/\/petruscaffe.com\/#website\"},\"datePublished\":\"2021-10-20T07:52:51+00:00\",\"dateModified\":\"2025-02-02T14:17:57+00:00\",\"description\":\"Za sve informacije smo tu za vas. Mo\u017eete nas slobodno kontaktirati putem telefona, email-a ili putem dru\u0161tvenih mre\u017ea i odgovori\u0107emo vam u najkra\u0107em roku.\",\"breadcrumb\":{\"@id\":\"https:\/\/petruscaffe.com\/kontakt\/#breadcrumb\"},\"inLanguage\":\"de\",\"potentialAction\":[{\"@type\":\"ReadAction\",\"target\":[\"https:\/\/petruscaffe.com\/kontakt\/\"]}]},{\"@type\":\"BreadcrumbList\",\"@id\":\"https:\/\/petruscaffe.com\/kontakt\/#breadcrumb\",\"itemListElement\":[{\"@type\":\"ListItem\",\"position\":1,\"name\":\"Po\u010detna\",\"item\":\"https:\/\/petruscaffe.com\/\"},{\"@type\":\"ListItem\",\"position\":2,\"name\":\"Kontakt\"}]},{\"@type\":\"WebSite\",\"@id\":\"https:\/\/petruscaffe.com\/#website\",\"url\":\"https:\/\/petruscaffe.com\/\",\"name\":\"PETRUS\",\"description\":\"Caffe Gallery Bar\",\"publisher\":{\"@id\":\"https:\/\/petruscaffe.com\/#organization\"},\"potentialAction\":[{\"@type\":\"SearchAction\",\"target\":{\"@type\":\"EntryPoint\",\"urlTemplate\":\"https:\/\/petruscaffe.com\/?s={search_term_string}\"},\"query-input\":{\"@type\":\"PropertyValueSpecification\",\"valueRequired\":true,\"valueName\":\"search_term_string\"}}],\"inLanguage\":\"de\"},{\"@type\":\"Organization\",\"@id\":\"https:\/\/petruscaffe.com\/#organization\",\"name\":\"PETRUS\",\"url\":\"https:\/\/petruscaffe.com\/\",\"logo\":{\"@type\":\"ImageObject\",\"inLanguage\":\"de\",\"@id\":\"https:\/\/petruscaffe.com\/#\/schema\/logo\/image\/\",\"url\":\"https:\/\/petruscaffe.com\/wp-content\/uploads\/2021\/10\/PETRUS-LOGO-ORIGINAL-PNG.png\",\"contentUrl\":\"https:\/\/petruscaffe.com\/wp-content\/uploads\/2021\/10\/PETRUS-LOGO-ORIGINAL-PNG.png\",\"width\":4917,\"height\":2202,\"caption\":\"PETRUS\"},\"image\":{\"@id\":\"https:\/\/petruscaffe.com\/#\/schema\/logo\/image\/\"}}]}<\/script>\n<!-- \/ Yoast SEO plugin. -->","yoast_head_json":{"title":"Kontaktirajte Nas | Petrus Restoran | Novi Sad","description":"Za sve informacije smo tu za vas. Mo\u017eete nas slobodno kontaktirati putem telefona, email-a ili putem dru\u0161tvenih mre\u017ea i odgovori\u0107emo vam u najkra\u0107em roku.","robots":{"index":"index","follow":"follow","max-snippet":"max-snippet:-1","max-image-preview":"max-image-preview:large","max-video-preview":"max-video-preview:-1"},"canonical":"https:\/\/petruscaffe.com\/de\/kontakt\/","og_locale":"de_DE","og_type":"article","og_title":"Kontaktirajte Nas | Petrus Restoran | Novi Sad","og_description":"Za sve informacije smo tu za vas. Mo\u017eete nas slobodno kontaktirati putem telefona, email-a ili putem dru\u0161tvenih mre\u017ea i odgovori\u0107emo vam u najkra\u0107em roku.","og_url":"https:\/\/petruscaffe.com\/de\/kontakt\/","og_site_name":"PETRUS","article_modified_time":"2025-02-02T14:17:57+00:00","twitter_card":"summary_large_image","twitter_misc":{"Gesch\u00e4tzte Lesezeit":"2\u00a0Minuten"},"schema":{"@context":"https:\/\/schema.org","@graph":[{"@type":"WebPage","@id":"https:\/\/petruscaffe.com\/kontakt\/","url":"https:\/\/petruscaffe.com\/kontakt\/","name":"Kontaktirajte Nas | Petrus Restoran | Novi Sad","isPartOf":{"@id":"https:\/\/petruscaffe.com\/#website"},"datePublished":"2021-10-20T07:52:51+00:00","dateModified":"2025-02-02T14:17:57+00:00","description":"Za sve informacije smo tu za vas. Mo\u017eete nas slobodno kontaktirati putem telefona, email-a ili putem dru\u0161tvenih mre\u017ea i odgovori\u0107emo vam u najkra\u0107em roku.","breadcrumb":{"@id":"https:\/\/petruscaffe.com\/kontakt\/#breadcrumb"},"inLanguage":"de","potentialAction":[{"@type":"ReadAction","target":["https:\/\/petruscaffe.com\/kontakt\/"]}]},{"@type":"BreadcrumbList","@id":"https:\/\/petruscaffe.com\/kontakt\/#breadcrumb","itemListElement":[{"@type":"ListItem","position":1,"name":"Po\u010detna","item":"https:\/\/petruscaffe.com\/"},{"@type":"ListItem","position":2,"name":"Kontakt"}]},{"@type":"WebSite","@id":"https:\/\/petruscaffe.com\/#website","url":"https:\/\/petruscaffe.com\/","name":"PETRUS","description":"Caffe Gallery Bar","publisher":{"@id":"https:\/\/petruscaffe.com\/#organization"},"potentialAction":[{"@type":"SearchAction","target":{"@type":"EntryPoint","urlTemplate":"https:\/\/petruscaffe.com\/?s={search_term_string}"},"query-input":{"@type":"PropertyValueSpecification","valueRequired":true,"valueName":"search_term_string"}}],"inLanguage":"de"},{"@type":"Organization","@id":"https:\/\/petruscaffe.com\/#organization","name":"PETRUS","url":"https:\/\/petruscaffe.com\/","logo":{"@type":"ImageObject","inLanguage":"de","@id":"https:\/\/petruscaffe.com\/#\/schema\/logo\/image\/","url":"https:\/\/petruscaffe.com\/wp-content\/uploads\/2021\/10\/PETRUS-LOGO-ORIGINAL-PNG.png","contentUrl":"https:\/\/petruscaffe.com\/wp-content\/uploads\/2021\/10\/PETRUS-LOGO-ORIGINAL-PNG.png","width":4917,"height":2202,"caption":"PETRUS"},"image":{"@id":"https:\/\/petruscaffe.com\/#\/schema\/logo\/image\/"}}]}},"_links":{"self":[{"href":"https:\/\/petruscaffe.com\/de\/wp-json\/wp\/v2\/pages\/3898"}],"collection":[{"href":"https:\/\/petruscaffe.com\/de\/wp-json\/wp\/v2\/pages"}],"about":[{"href":"https:\/\/petruscaffe.com\/de\/wp-json\/wp\/v2\/types\/page"}],"author":[{"embeddable":true,"href":"https:\/\/petruscaffe.com\/de\/wp-json\/wp\/v2\/users\/1"}],"replies":[{"embeddable":true,"href":"https:\/\/petruscaffe.com\/de\/wp-json\/wp\/v2\/comments?post=3898"}],"version-history":[{"count":166,"href":"https:\/\/petruscaffe.com\/de\/wp-json\/wp\/v2\/pages\/3898\/revisions"}],"predecessor-version":[{"id":15048,"href":"https:\/\/petruscaffe.com\/de\/wp-json\/wp\/v2\/pages\/3898\/revisions\/15048"}],"wp:attachment":[{"href":"https:\/\/petruscaffe.com\/de\/wp-json\/wp\/v2\/media?parent=3898"}],"curies":[{"name":"wp","href":"https:\/\/api.w.org\/{rel}","templated":true}]}}