{"id":6493,"date":"2021-11-04T15:17:28","date_gmt":"2021-11-04T17:17:28","guid":{"rendered":"https:\/\/petruscaffe.com\/?page_id=6493"},"modified":"2026-02-02T19:43:38","modified_gmt":"2026-02-02T21:43:38","slug":"salate","status":"publish","type":"page","link":"https:\/\/petruscaffe.com\/de\/speisekarte\/salate\/","title":{"rendered":"Salate"},"content":{"rendered":"<div data-elementor-type=\"wp-page\" data-elementor-id=\"6493\" class=\"elementor elementor-6493\" data-elementor-post-type=\"page\">\n\t\t\t\t\t\t<section class=\"elementor-section elementor-top-section elementor-element elementor-element-314ad2b elementor-section-height-min-height elementor-section-items-stretch elementor-section-content-top elementor-section-boxed elementor-section-height-default\" data-id=\"314ad2b\" data-element_type=\"section\" data-settings=\"{&quot;background_background&quot;:&quot;classic&quot;}\">\n\t\t\t\t\t\t<div class=\"elementor-container elementor-column-gap-no\">\n\t\t\t\t\t<aside class=\"elementor-column elementor-col-50 elementor-top-column elementor-element elementor-element-8bec037 elementor-hidden-mobile elementor-hidden-tablet\" data-id=\"8bec037\" data-element_type=\"column\" data-settings=\"{&quot;background_background&quot;:&quot;classic&quot;}\">\n\t\t\t<div class=\"elementor-widget-wrap elementor-element-populated\">\n\t\t\t\t\t\t\t<\/div>\n\t\t<\/aside>\n\t\t\t\t<div class=\"elementor-column elementor-col-50 elementor-top-column elementor-element elementor-element-c49998b\" data-id=\"c49998b\" data-element_type=\"column\">\n\t\t\t<div class=\"elementor-widget-wrap elementor-element-populated\">\n\t\t\t\t\t\t<div class=\"elementor-element elementor-element-f4f818a elementor-widget elementor-widget-heading\" data-id=\"f4f818a\" data-element_type=\"widget\" data-widget_type=\"heading.default\">\n\t\t\t\t<div class=\"elementor-widget-container\">\n\t\t\t<h2 class=\"elementor-heading-title elementor-size-default\">Salate<\/h2>\t\t<\/div>\n\t\t\t\t<\/div>\n\t\t\t\t<div class=\"elementor-element elementor-element-1ecea4f elementor-widget-divider--view-line_icon elementor-view-default elementor-widget-divider--element-align-center elementor-widget elementor-widget-divider\" data-id=\"1ecea4f\" data-element_type=\"widget\" data-widget_type=\"divider.default\">\n\t\t\t\t<div class=\"elementor-widget-container\">\n\t\t\t\t\t<div class=\"elementor-divider\">\n\t\t\t<span class=\"elementor-divider-separator\">\n\t\t\t\t\t\t\t<div class=\"elementor-icon elementor-divider__element\">\n\t\t\t\t\t<svg xmlns=\"http:\/\/www.w3.org\/2000\/svg\" id=\"bd163b26-4d94-441b-8379-486355292dd9\" data-name=\"Layer 1\" viewbox=\"0 0 158.94 189.48\"><defs><style>.a2b38b7f-e2dd-4b38-90c2-dfc858f0c07e{fill:#181919;stroke:#181919;stroke-miterlimit:10;}<\/style><\/defs><path class=\"a2b38b7f-e2dd-4b38-90c2-dfc858f0c07e\" d=\"M80,189.43l5.45-6.57h0l16.83-19.73-3.59-3a16.44,16.44,0,0,0,17.49-5.44,13.16,13.16,0,0,0,2.19-12.53,13,13,0,0,0-9-8.66,4.09,4.09,0,0,0-3.27.06,3.73,3.73,0,0,0-1.55,2.48c-.54,2.22-2.31,3.34-5,3.13a6.24,6.24,0,0,1-5.25-4.83c2.13-1.6,2.2-3.87,2.25-5.74a7.85,7.85,0,0,1,.39-2.7,2.93,2.93,0,0,0,.31-2.1c-2.43-7.72,2.88-10.86,8.48-14.19l.47-.28c4.5-2.67,8.93-3,13.18-1a9,9,0,0,1,5.18,6.37,8.25,8.25,0,0,1-2.14,7.26c-3.45,3.71-1.6,6.45.41,8.42,4.6,4.55,14.09,4.9,20.71.82a32.13,32.13,0,0,0,15.2-25.71C159.45,94.65,155,84,147.23,77.7c-7.45-6-16.25-7.85-27-5.57a41.75,41.75,0,0,0-20.7,11.26,41.54,41.54,0,0,1,7.69-12.92c3.16-3.56,6.7-6.92,10.12-10.17,1.61-1.54,3.22-3.07,4.81-4.64l1-.93-1-.92c-14.1-13.24-26.84-29-39-48.14l-.25-.34c-.1-.14-.21-.29-.28-.41a10.46,10.46,0,0,0-1.86-2.7l-.85-.81L79,2.2a11.37,11.37,0,0,0-1.88,2.74,2.55,2.55,0,0,1-.26.38l-.27.38c-12.13,19.14-24.89,34.88-39,48.11l-1,.91,1,.94c1.57,1.54,3.17,3.06,4.76,4.58,3.43,3.28,7,6.65,10.15,10.22a41.91,41.91,0,0,1,7.72,12.92A41.67,41.67,0,0,0,39.5,72.13c-10.7-2.27-19.55-.45-27,5.57C4.69,84,.26,94.65,1,105.47a32.14,32.14,0,0,0,15.21,25.71c6.65,4.09,16.13,3.7,20.71-.82,2-2,3.85-4.72.41-8.42a8.11,8.11,0,0,1-2.15-7.25,9.08,9.08,0,0,1,5.19-6.39c5.28-2.46,10.09-.79,13.18,1l.46.28c5.61,3.32,10.91,6.47,8.49,14.18A3.15,3.15,0,0,0,62.8,126a8,8,0,0,1,.35,2.61c.05,1.87.12,4.15,2.26,5.73,0,0,0,.09,0,.13a6.18,6.18,0,0,1-5.21,4.7c-2.85.11-4.44-.92-5-3.14a3.66,3.66,0,0,0-1.54-2.46,4,4,0,0,0-3.29-.06,13,13,0,0,0-9,8.64,13.2,13.2,0,0,0,2.17,12.54A16.47,16.47,0,0,0,61,160.15l-3.6,3ZM142.22,129c-5.53,3.39-13.89,3.16-17.56-.46-1.87-1.84-2.2-2.84-.33-4.85a10.8,10.8,0,0,0,2.76-9.51,11.62,11.62,0,0,0-6.61-8.2c-5-2.31-10.37-1.92-15.56,1.17l-.47.28c-5.65,3.34-12.67,7.51-9.66,17a3.49,3.49,0,0,1-.25.65,10,10,0,0,0-.53,3.51c-.06,2-.16,3.16-1.64,4-.82.51-.69,1.44-.58,2.24.43,3.44,4.08,6.75,7.66,7,3.85.29,6.74-1.66,7.57-5.09.18-.74.38-.88.38-.88a3.67,3.67,0,0,1,1.33.22,10.45,10.45,0,0,1,7.23,7,10.68,10.68,0,0,1-1.74,10.12,13.88,13.88,0,0,1-18.28,3c-.82-.54-1.62-1.11-2.42-1.68l-1.58-1.12-1.12-.57-2,2.61,9.81,8.09L80,184.58,61.11,163.42l9.81-8.09-2.11-2.74-2.37,1.67c-.86.62-1.74,1.25-2.63,1.83a13.91,13.91,0,0,1-18.3-3A10.68,10.68,0,0,1,43.79,143,10.48,10.48,0,0,1,51,136a3.71,3.71,0,0,1,1.31-.21s.19.14.37.88c.8,3.27,3.35,5.1,7,5.1h.56A8.72,8.72,0,0,0,68,134.65a1.88,1.88,0,0,0-.63-2.09c-1.44-.83-1.54-2-1.6-4a10,10,0,0,0-.62-3.68c0-.12-.13-.31-.18-.31s0,0,0,0c3-9.67-4-13.84-9.63-17.18l-.46-.27c-5.17-3.09-10.57-3.5-15.57-1.17a11.65,11.65,0,0,0-6.62,8.21,10.79,10.79,0,0,0,2.77,9.5c1.87,2,1.54,3-.33,4.85-3.68,3.64-12,3.84-17.56.45a29.56,29.56,0,0,1-14-23.68c-.64-10,3.41-19.83,10.57-25.61,6.83-5.5,15-7.14,24.88-5.06,9.07,1.94,16.92,6.93,23.3,14.82l3.83,4.73-1.58-5.87A48.08,48.08,0,0,0,54.43,68.76c-3.24-3.65-6.83-7.07-10.3-10.37-1.26-1.21-2.53-2.41-3.78-3.63C54.21,41.57,66.8,26,78.94,6.83a3.29,3.29,0,0,0,.42-.66c.18-.28.34-.58.51-.85.15.25.32.54.5.87a5.7,5.7,0,0,0,.44.65l.17.24c12,18.87,24.53,34.48,38.4,47.68-1.26,1.24-2.54,2.46-3.83,3.68-3.45,3.29-7,6.69-10.27,10.32A48.5,48.5,0,0,0,95.2,88.32l-1.59,5.87,3.83-4.72c6.42-7.91,14.26-12.89,23.31-14.83,10-2.11,18.06-.43,24.88,5.06,7.16,5.79,11.21,15.6,10.57,25.61A29.61,29.61,0,0,1,142.22,129Z\" transform=\"translate(-0.39 -0.72)\"><\/path><\/svg><\/div>\n\t\t\t\t\t\t<\/span>\n\t\t<\/div>\n\t\t\t\t<\/div>\n\t\t\t\t<\/div>\n\t\t\t\t<section class=\"elementor-section elementor-inner-section elementor-element elementor-element-786baf0 elementor-section-boxed elementor-section-height-default elementor-section-height-default\" data-id=\"786baf0\" data-element_type=\"section\">\n\t\t\t\t\t\t<div class=\"elementor-container elementor-column-gap-default\">\n\t\t\t\t\t<div class=\"elementor-column elementor-col-33 elementor-inner-column elementor-element elementor-element-46acc86\" data-id=\"46acc86\" data-element_type=\"column\">\n\t\t\t<div class=\"elementor-widget-wrap\">\n\t\t\t\t\t\t\t<\/div>\n\t\t<\/div>\n\t\t\t\t<div class=\"elementor-column elementor-col-33 elementor-inner-column elementor-element elementor-element-2af1322\" data-id=\"2af1322\" data-element_type=\"column\">\n\t\t\t<div class=\"elementor-widget-wrap elementor-element-populated\">\n\t\t\t\t\t\t<div class=\"elementor-element elementor-element-a9f3558 elementor-widget elementor-widget-price-list\" data-id=\"a9f3558\" data-element_type=\"widget\" data-widget_type=\"price-list.default\">\n\t\t\t\t<div class=\"elementor-widget-container\">\n\t\t\t\n\t\t<ul class=\"elementor-price-list\">\n\n\t\t\t\t\t\t\t\t\t<li class=\"elementor-price-list-item\">\t\t\t\t\n\t\t\t\t<div class=\"elementor-price-list-text\">\n\t\t\t\t\t\t\t\t\t<div class=\"elementor-price-list-header\">\n\t\t\t\t\t\t\t\t\t\t\t<span class=\"elementor-price-list-title\">\n\t\t\t\t\t\t\tGer\u00f6stete Paprika mit Knoblauch\t\t\t\t\t\t<\/span>\n\t\t\t\t\t\t\t\t\t\t\t\t\t\t\t\t\t\t<span class=\"elementor-price-list-separator\"><\/span>\n\t\t\t\t\t\t\t\t\t\t\t\t\t\t\t\t\t\t\t<span class=\"elementor-price-list-price\"><span class=\"menu-price\">280<\/span> <span class=\"menu-cur\">RSD<\/span><\/span>\n\t\t\t\t\t\t\t\t\t\t<\/div>\n\t\t\t\t\t\t\t\t\t\t\t\t<\/div>\n\t\t\t\t<\/li>\t\t\t\t\t\t\t\t\t\t\t\t<li class=\"elementor-price-list-item\">\t\t\t\t\n\t\t\t\t<div class=\"elementor-price-list-text\">\n\t\t\t\t\t\t\t\t\t<div class=\"elementor-price-list-header\">\n\t\t\t\t\t\t\t\t\t\t\t<span class=\"elementor-price-list-title\">\n\t\t\t\t\t\t\tSalatmischung\t\t\t\t\t\t<\/span>\n\t\t\t\t\t\t\t\t\t\t\t\t\t\t\t\t\t\t<span class=\"elementor-price-list-separator\"><\/span>\n\t\t\t\t\t\t\t\t\t\t\t\t\t\t\t\t\t\t\t<span class=\"elementor-price-list-price\"><span class=\"menu-price\">300<\/span> <span class=\"menu-cur\">RSD<\/span><\/span>\n\t\t\t\t\t\t\t\t\t\t<\/div>\n\t\t\t\t\t\t\t\t\t\t\t\t<\/div>\n\t\t\t\t<\/li>\t\t\t\t\t\t\t\t\t\t\t\t<li class=\"elementor-price-list-item\">\t\t\t\t\n\t\t\t\t<div class=\"elementor-price-list-text\">\n\t\t\t\t\t\t\t\t\t<div class=\"elementor-price-list-header\">\n\t\t\t\t\t\t\t\t\t\t\t<span class=\"elementor-price-list-title\">\n\t\t\t\t\t\t\tDrei arten tomaten mit feta\t\t\t\t\t\t<\/span>\n\t\t\t\t\t\t\t\t\t\t\t\t\t\t\t\t\t\t<span class=\"elementor-price-list-separator\"><\/span>\n\t\t\t\t\t\t\t\t\t\t\t\t\t\t\t\t\t\t\t<span class=\"elementor-price-list-price\"><span class=\"menu-price\">350<\/span> <span class=\"menu-cur\">RSD<\/span><\/span>\n\t\t\t\t\t\t\t\t\t\t<\/div>\n\t\t\t\t\t\t\t\t\t\t\t\t<\/div>\n\t\t\t\t<\/li>\t\t\t\t\t\t\t\t\t\t\t\t<li class=\"elementor-price-list-item\">\t\t\t\t\n\t\t\t\t<div class=\"elementor-price-list-text\">\n\t\t\t\t\t\t\t\t\t<div class=\"elementor-price-list-header\">\n\t\t\t\t\t\t\t\t\t\t\t<span class=\"elementor-price-list-title\">\n\t\t\t\t\t\t\tSerbischer traditioneller shopska-salat\t\t\t\t\t\t<\/span>\n\t\t\t\t\t\t\t\t\t\t\t\t\t\t\t\t\t\t<span class=\"elementor-price-list-separator\"><\/span>\n\t\t\t\t\t\t\t\t\t\t\t\t\t\t\t\t\t\t\t<span class=\"elementor-price-list-price\"><span class=\"menu-price\">300<\/span> <span class=\"menu-cur\">RSD<\/span><\/span>\n\t\t\t\t\t\t\t\t\t\t<\/div>\n\t\t\t\t\t\t\t\t\t\t\t\t\t\t\t<p class=\"elementor-price-list-description\">\n\t\t\t\t\t\t\tPaprika, Gurke, Tomate, Zwiebel, Feta\t\t\t\t\t\t<\/p>\n\t\t\t\t\t\t\t\t<\/div>\n\t\t\t\t<\/li>\t\t\t\t\t\t\t\t\t\t\t\t<li class=\"elementor-price-list-item\">\t\t\t\t\n\t\t\t\t<div class=\"elementor-price-list-text\">\n\t\t\t\t\t\t\t\t\t<div class=\"elementor-price-list-header\">\n\t\t\t\t\t\t\t\t\t\t\t<span class=\"elementor-price-list-title\">\n\t\t\t\t\t\t\tGesunder salat\t\t\t\t\t\t<\/span>\n\t\t\t\t\t\t\t\t\t\t\t\t\t\t\t\t\t\t<span class=\"elementor-price-list-separator\"><\/span>\n\t\t\t\t\t\t\t\t\t\t\t\t\t\t\t\t\t\t\t<span class=\"elementor-price-list-price\"><span class=\"menu-price\">290<\/span> <span class=\"menu-cur\">RSD<\/span><\/span>\n\t\t\t\t\t\t\t\t\t\t<\/div>\n\t\t\t\t\t\t\t\t\t\t\t\t\t\t\t<p class=\"elementor-price-list-description\">\n\t\t\t\t\t\t\tMischung aus gr\u00fcnen Salaten, Karotten, \u00c4pfeln, Rucola, Rote Bete, Avocado\t\t\t\t\t\t<\/p>\n\t\t\t\t\t\t\t\t<\/div>\n\t\t\t\t<\/li>\t\t\t\t\t\t\t\t\t\t\t\t<li class=\"elementor-price-list-item\">\t\t\t\t\n\t\t\t\t<div class=\"elementor-price-list-text\">\n\t\t\t\t\t\t\t\t\t<div class=\"elementor-price-list-header\">\n\t\t\t\t\t\t\t\t\t\t\t<span class=\"elementor-price-list-title\">\n\t\t\t\t\t\t\tM\u00e4hrischer Salat\t\t\t\t\t\t<\/span>\n\t\t\t\t\t\t\t\t\t\t\t\t\t\t\t\t\t\t<span class=\"elementor-price-list-separator\"><\/span>\n\t\t\t\t\t\t\t\t\t\t\t\t\t\t\t\t\t\t\t<span class=\"elementor-price-list-price\"><span class=\"menu-price\">350<\/span> <span class=\"menu-cur\">RSD<\/span><\/span>\n\t\t\t\t\t\t\t\t\t\t<\/div>\n\t\t\t\t\t\t\t\t\t\t\t\t\t\t\t<p class=\"elementor-price-list-description\">\n\t\t\t\t\t\t\tTomaten, ger\u00f6stete Paprika mit Knoblauch, Fr\u00fchlingszwiebeln, Petersilie und Zlatibor-K\u00e4se\t\t\t\t\t\t<\/p>\n\t\t\t\t\t\t\t\t<\/div>\n\t\t\t\t<\/li>\t\t\t\t\t\t\t\t\t\t\t\t<li class=\"elementor-price-list-item\">\t\t\t\t\n\t\t\t\t<div class=\"elementor-price-list-text\">\n\t\t\t\t\t\t\t\t\t<div class=\"elementor-price-list-header\">\n\t\t\t\t\t\t\t\t\t\t\t<span class=\"elementor-price-list-title\">\n\t\t\t\t\t\t\tKrautsalat\t\t\t\t\t\t<\/span>\n\t\t\t\t\t\t\t\t\t\t\t\t\t\t\t\t\t\t<span class=\"elementor-price-list-separator\"><\/span>\n\t\t\t\t\t\t\t\t\t\t\t\t\t\t\t\t\t\t\t<span class=\"elementor-price-list-price\"><span class=\"menu-price\">290<\/span> <span class=\"menu-cur\">RSD<\/span><\/span>\n\t\t\t\t\t\t\t\t\t\t<\/div>\n\t\t\t\t\t\t\t\t\t\t\t\t<\/div>\n\t\t\t\t<\/li>\t\t\t\t\t\t\t\t\t\t\t\t<li class=\"elementor-price-list-item\">\t\t\t\t\n\t\t\t\t<div class=\"elementor-price-list-text\">\n\t\t\t\t\t\t\t\t\t<div class=\"elementor-price-list-header\">\n\t\t\t\t\t\t\t\t\t\t\t<span class=\"elementor-price-list-title\">\n\t\t\t\t\t\t\tGurkensalat\t\t\t\t\t\t<\/span>\n\t\t\t\t\t\t\t\t\t\t\t\t\t\t\t\t\t\t<span class=\"elementor-price-list-separator\"><\/span>\n\t\t\t\t\t\t\t\t\t\t\t\t\t\t\t\t\t\t\t<span class=\"elementor-price-list-price\"><span class=\"menu-price\">290<\/span> <span class=\"menu-cur\">RSD<\/span><\/span>\n\t\t\t\t\t\t\t\t\t\t<\/div>\n\t\t\t\t\t\t\t\t\t\t\t\t<\/div>\n\t\t\t\t<\/li>\t\t\t\t\t\t\t\t\t\t\t\t<li class=\"elementor-price-list-item\">\t\t\t\t\n\t\t\t\t<div class=\"elementor-price-list-text\">\n\t\t\t\t\t\t\t\t\t<div class=\"elementor-price-list-header\">\n\t\t\t\t\t\t\t\t\t\t\t<span class=\"elementor-price-list-title\">\n\t\t\t\t\t\t\tTomatensalat\t\t\t\t\t\t<\/span>\n\t\t\t\t\t\t\t\t\t\t\t\t\t\t\t\t\t\t<span class=\"elementor-price-list-separator\"><\/span>\n\t\t\t\t\t\t\t\t\t\t\t\t\t\t\t\t\t\t\t<span class=\"elementor-price-list-price\"><span class=\"menu-price\">300<\/span> <span class=\"menu-cur\">RSD<\/span><\/span>\n\t\t\t\t\t\t\t\t\t\t<\/div>\n\t\t\t\t\t\t\t\t\t\t\t\t<\/div>\n\t\t\t\t<\/li>\t\t\t\t\t\t\t\t\t\t\t\t<li class=\"elementor-price-list-item\">\t\t\t\t\n\t\t\t\t<div class=\"elementor-price-list-text\">\n\t\t\t\t\t\t\t\t\t<div class=\"elementor-price-list-header\">\n\t\t\t\t\t\t\t\t\t\t\t<span class=\"elementor-price-list-title\">\n\t\t\t\t\t\t\tRucola-Kirsch-Salat\t\t\t\t\t\t<\/span>\n\t\t\t\t\t\t\t\t\t\t\t\t\t\t\t\t\t\t<span class=\"elementor-price-list-separator\"><\/span>\n\t\t\t\t\t\t\t\t\t\t\t\t\t\t\t\t\t\t\t<span class=\"elementor-price-list-price\"><span class=\"menu-price\">320<\/span> <span class=\"menu-cur\">RSD<\/span><\/span>\n\t\t\t\t\t\t\t\t\t\t<\/div>\n\t\t\t\t\t\t\t\t\t\t\t\t<\/div>\n\t\t\t\t<\/li>\t\t\t\t\t\n\t\t<\/ul>\n\n\t\t\t\t<\/div>\n\t\t\t\t<\/div>\n\t\t\t\t\t<\/div>\n\t\t<\/div>\n\t\t\t\t<div class=\"elementor-column elementor-col-33 elementor-inner-column elementor-element elementor-element-3e981d7\" data-id=\"3e981d7\" data-element_type=\"column\">\n\t\t\t<div class=\"elementor-widget-wrap\">\n\t\t\t\t\t\t\t<\/div>\n\t\t<\/div>\n\t\t\t\t\t<\/div>\n\t\t<\/section>\n\t\t\t\t\t<\/div>\n\t\t<\/div>\n\t\t\t\t\t<\/div>\n\t\t<\/section>\n\t\t\t\t<\/div>","protected":false},"excerpt":{"rendered":"<p>Salate Pe\u010dena paprika sa belim lukom 280 RSD Mix zelenih salata 300 RSD Salata od tri vrste paradajza sa feta sirom 350 RSD \u0160opska salata 300 RSD Paprika, krastavac, paradajz, luk, feta sir Zdrava salata 290 RSD Mix zelenih salata, \u0161argarepa, jabuka, rukola, cvekla, avokado Moravska salata 350 RSD Paradajz, pe\u010dena paprika sa belim lukom, [&hellip;]<\/p>","protected":false},"author":1,"featured_media":0,"parent":3277,"menu_order":0,"comment_status":"closed","ping_status":"closed","template":"elementor_header_footer","meta":{"_acf_changed":false,"footnotes":""},"class_list":["post-6493","page","type-page","status-publish","hentry"],"acf":[],"yoast_head":"<!-- This site is optimized with the Yoast SEO plugin v23.7 - https:\/\/yoast.com\/wordpress\/plugins\/seo\/ -->\n<title>Salate | Petrus Restoran | Novi Sad<\/title>\n<meta name=\"description\" content=\"Nudimo vam specijalitete nacionalne i internacionalne kuhinje od posebno biranih namirnica. Birajte najbolje ukuse za va\u0161a \u010dula i u\u017eivajte u svakom zalogaju.\" \/>\n<meta name=\"robots\" content=\"index, follow, max-snippet:-1, max-image-preview:large, max-video-preview:-1\" \/>\n<link rel=\"canonical\" href=\"https:\/\/petruscaffe.com\/de\/speisekarte\/salate\/\" \/>\n<meta property=\"og:locale\" content=\"de_DE\" \/>\n<meta property=\"og:type\" content=\"article\" \/>\n<meta property=\"og:title\" content=\"Salate | Petrus Restoran | Novi Sad\" \/>\n<meta property=\"og:description\" content=\"Nudimo vam specijalitete nacionalne i internacionalne kuhinje od posebno biranih namirnica. Birajte najbolje ukuse za va\u0161a \u010dula i u\u017eivajte u svakom zalogaju.\" \/>\n<meta property=\"og:url\" content=\"https:\/\/petruscaffe.com\/de\/speisekarte\/salate\/\" \/>\n<meta property=\"og:site_name\" content=\"PETRUS\" \/>\n<meta property=\"article:modified_time\" content=\"2026-02-02T21:43:38+00:00\" \/>\n<meta name=\"twitter:card\" content=\"summary_large_image\" \/>\n<meta name=\"twitter:label1\" content=\"Gesch\u00e4tzte Lesezeit\" \/>\n\t<meta name=\"twitter:data1\" content=\"1\u00a0Minute\" \/>\n<script type=\"application\/ld+json\" class=\"yoast-schema-graph\">{\"@context\":\"https:\/\/schema.org\",\"@graph\":[{\"@type\":\"WebPage\",\"@id\":\"https:\/\/petruscaffe.com\/jelovnik\/salate\/\",\"url\":\"https:\/\/petruscaffe.com\/jelovnik\/salate\/\",\"name\":\"Salate | Petrus Restoran | Novi Sad\",\"isPartOf\":{\"@id\":\"https:\/\/petruscaffe.com\/#website\"},\"datePublished\":\"2021-11-04T17:17:28+00:00\",\"dateModified\":\"2026-02-02T21:43:38+00:00\",\"description\":\"Nudimo vam specijalitete nacionalne i internacionalne kuhinje od posebno biranih namirnica. Birajte najbolje ukuse za va\u0161a \u010dula i u\u017eivajte u svakom zalogaju.\",\"breadcrumb\":{\"@id\":\"https:\/\/petruscaffe.com\/jelovnik\/salate\/#breadcrumb\"},\"inLanguage\":\"de\",\"potentialAction\":[{\"@type\":\"ReadAction\",\"target\":[\"https:\/\/petruscaffe.com\/jelovnik\/salate\/\"]}]},{\"@type\":\"BreadcrumbList\",\"@id\":\"https:\/\/petruscaffe.com\/jelovnik\/salate\/#breadcrumb\",\"itemListElement\":[{\"@type\":\"ListItem\",\"position\":1,\"name\":\"Po\u010detna\",\"item\":\"https:\/\/petruscaffe.com\/\"},{\"@type\":\"ListItem\",\"position\":2,\"name\":\"Jelovnik\",\"item\":\"https:\/\/petruscaffe.com\/jelovnik\/\"},{\"@type\":\"ListItem\",\"position\":3,\"name\":\"Salate\"}]},{\"@type\":\"WebSite\",\"@id\":\"https:\/\/petruscaffe.com\/#website\",\"url\":\"https:\/\/petruscaffe.com\/\",\"name\":\"PETRUS\",\"description\":\"Caffe Gallery Bar\",\"publisher\":{\"@id\":\"https:\/\/petruscaffe.com\/#organization\"},\"potentialAction\":[{\"@type\":\"SearchAction\",\"target\":{\"@type\":\"EntryPoint\",\"urlTemplate\":\"https:\/\/petruscaffe.com\/?s={search_term_string}\"},\"query-input\":{\"@type\":\"PropertyValueSpecification\",\"valueRequired\":true,\"valueName\":\"search_term_string\"}}],\"inLanguage\":\"de\"},{\"@type\":\"Organization\",\"@id\":\"https:\/\/petruscaffe.com\/#organization\",\"name\":\"PETRUS\",\"url\":\"https:\/\/petruscaffe.com\/\",\"logo\":{\"@type\":\"ImageObject\",\"inLanguage\":\"de\",\"@id\":\"https:\/\/petruscaffe.com\/#\/schema\/logo\/image\/\",\"url\":\"https:\/\/petruscaffe.com\/wp-content\/uploads\/2021\/10\/PETRUS-LOGO-ORIGINAL-PNG.png\",\"contentUrl\":\"https:\/\/petruscaffe.com\/wp-content\/uploads\/2021\/10\/PETRUS-LOGO-ORIGINAL-PNG.png\",\"width\":4917,\"height\":2202,\"caption\":\"PETRUS\"},\"image\":{\"@id\":\"https:\/\/petruscaffe.com\/#\/schema\/logo\/image\/\"}}]}<\/script>\n<!-- \/ Yoast SEO plugin. -->","yoast_head_json":{"title":"Salate | Petrus Restoran | Novi Sad","description":"Nudimo vam specijalitete nacionalne i internacionalne kuhinje od posebno biranih namirnica. Birajte najbolje ukuse za va\u0161a \u010dula i u\u017eivajte u svakom zalogaju.","robots":{"index":"index","follow":"follow","max-snippet":"max-snippet:-1","max-image-preview":"max-image-preview:large","max-video-preview":"max-video-preview:-1"},"canonical":"https:\/\/petruscaffe.com\/de\/speisekarte\/salate\/","og_locale":"de_DE","og_type":"article","og_title":"Salate | Petrus Restoran | Novi Sad","og_description":"Nudimo vam specijalitete nacionalne i internacionalne kuhinje od posebno biranih namirnica. Birajte najbolje ukuse za va\u0161a \u010dula i u\u017eivajte u svakom zalogaju.","og_url":"https:\/\/petruscaffe.com\/de\/speisekarte\/salate\/","og_site_name":"PETRUS","article_modified_time":"2026-02-02T21:43:38+00:00","twitter_card":"summary_large_image","twitter_misc":{"Gesch\u00e4tzte Lesezeit":"1\u00a0Minute"},"schema":{"@context":"https:\/\/schema.org","@graph":[{"@type":"WebPage","@id":"https:\/\/petruscaffe.com\/jelovnik\/salate\/","url":"https:\/\/petruscaffe.com\/jelovnik\/salate\/","name":"Salate | Petrus Restoran | Novi Sad","isPartOf":{"@id":"https:\/\/petruscaffe.com\/#website"},"datePublished":"2021-11-04T17:17:28+00:00","dateModified":"2026-02-02T21:43:38+00:00","description":"Nudimo vam specijalitete nacionalne i internacionalne kuhinje od posebno biranih namirnica. Birajte najbolje ukuse za va\u0161a \u010dula i u\u017eivajte u svakom zalogaju.","breadcrumb":{"@id":"https:\/\/petruscaffe.com\/jelovnik\/salate\/#breadcrumb"},"inLanguage":"de","potentialAction":[{"@type":"ReadAction","target":["https:\/\/petruscaffe.com\/jelovnik\/salate\/"]}]},{"@type":"BreadcrumbList","@id":"https:\/\/petruscaffe.com\/jelovnik\/salate\/#breadcrumb","itemListElement":[{"@type":"ListItem","position":1,"name":"Po\u010detna","item":"https:\/\/petruscaffe.com\/"},{"@type":"ListItem","position":2,"name":"Jelovnik","item":"https:\/\/petruscaffe.com\/jelovnik\/"},{"@type":"ListItem","position":3,"name":"Salate"}]},{"@type":"WebSite","@id":"https:\/\/petruscaffe.com\/#website","url":"https:\/\/petruscaffe.com\/","name":"PETRUS","description":"Caffe Gallery Bar","publisher":{"@id":"https:\/\/petruscaffe.com\/#organization"},"potentialAction":[{"@type":"SearchAction","target":{"@type":"EntryPoint","urlTemplate":"https:\/\/petruscaffe.com\/?s={search_term_string}"},"query-input":{"@type":"PropertyValueSpecification","valueRequired":true,"valueName":"search_term_string"}}],"inLanguage":"de"},{"@type":"Organization","@id":"https:\/\/petruscaffe.com\/#organization","name":"PETRUS","url":"https:\/\/petruscaffe.com\/","logo":{"@type":"ImageObject","inLanguage":"de","@id":"https:\/\/petruscaffe.com\/#\/schema\/logo\/image\/","url":"https:\/\/petruscaffe.com\/wp-content\/uploads\/2021\/10\/PETRUS-LOGO-ORIGINAL-PNG.png","contentUrl":"https:\/\/petruscaffe.com\/wp-content\/uploads\/2021\/10\/PETRUS-LOGO-ORIGINAL-PNG.png","width":4917,"height":2202,"caption":"PETRUS"},"image":{"@id":"https:\/\/petruscaffe.com\/#\/schema\/logo\/image\/"}}]}},"_links":{"self":[{"href":"https:\/\/petruscaffe.com\/de\/wp-json\/wp\/v2\/pages\/6493"}],"collection":[{"href":"https:\/\/petruscaffe.com\/de\/wp-json\/wp\/v2\/pages"}],"about":[{"href":"https:\/\/petruscaffe.com\/de\/wp-json\/wp\/v2\/types\/page"}],"author":[{"embeddable":true,"href":"https:\/\/petruscaffe.com\/de\/wp-json\/wp\/v2\/users\/1"}],"replies":[{"embeddable":true,"href":"https:\/\/petruscaffe.com\/de\/wp-json\/wp\/v2\/comments?post=6493"}],"version-history":[{"count":80,"href":"https:\/\/petruscaffe.com\/de\/wp-json\/wp\/v2\/pages\/6493\/revisions"}],"predecessor-version":[{"id":15422,"href":"https:\/\/petruscaffe.com\/de\/wp-json\/wp\/v2\/pages\/6493\/revisions\/15422"}],"up":[{"embeddable":true,"href":"https:\/\/petruscaffe.com\/de\/wp-json\/wp\/v2\/pages\/3277"}],"wp:attachment":[{"href":"https:\/\/petruscaffe.com\/de\/wp-json\/wp\/v2\/media?parent=6493"}],"curies":[{"name":"wp","href":"https:\/\/api.w.org\/{rel}","templated":true}]}}