{"id":14639,"date":"2023-12-12T07:09:50","date_gmt":"2023-12-12T09:09:50","guid":{"rendered":"https:\/\/petruscaffe.com\/?page_id=14639"},"modified":"2023-12-12T07:24:43","modified_gmt":"2023-12-12T09:24:43","slug":"politika-privatnosti","status":"publish","type":"page","link":"https:\/\/petruscaffe.com\/en\/politika-privatnosti\/","title":{"rendered":"Politika Privatnosti"},"content":{"rendered":"<div data-elementor-type=\"wp-page\" data-elementor-id=\"14639\" class=\"elementor elementor-14639\" data-elementor-post-type=\"page\">\n\t\t\t\t<div class=\"elementor-element elementor-element-ee4b3c5 e-flex e-con-boxed e-con e-parent\" data-id=\"ee4b3c5\" data-element_type=\"container\">\n\t\t\t\t\t<div class=\"e-con-inner\">\n\t\t\t\t<div class=\"elementor-element elementor-element-b6c3e14 elementor-widget elementor-widget-heading\" data-id=\"b6c3e14\" data-element_type=\"widget\" data-widget_type=\"heading.default\">\n\t\t\t\t<div class=\"elementor-widget-container\">\n\t\t\t<h2 class=\"elementor-heading-title elementor-size-default\">Privacy policy for restaurant Petrus\n<\/h2>\t\t<\/div>\n\t\t\t\t<\/div>\n\t\t\t\t<div class=\"elementor-element elementor-element-c87095f elementor-widget elementor-widget-text-editor\" data-id=\"c87095f\" data-element_type=\"widget\" data-widget_type=\"text-editor.default\">\n\t\t\t\t<div class=\"elementor-widget-container\">\n\t\t\t\t\t\t\t<p>At Petrus Restaurant, we are committed to protecting your privacy. This Privacy Policy describes the information we collect, how we use it, and the options you have regarding your information when you visit our website or use our services.<\/p>\n<h2>Information we collect<\/h2>\n<p>When you visit the Petrus Restaurant website or make a reservation, we may collect the following information:<\/p>\n<ul>\n<li style=\"text-align: left;\">Personal information: Name, e-mail address, phone number and other details you provide when making a reservation or contacting us.<\/li>\n<li style=\"text-align: left;\">Usage Data: Information about how you interact with our website, such as IP address, browser type, pages visited and time spent on each page.<\/li>\n<\/ul>\n<h2>How we use your information<\/h2>\n<p>We use the collected information for the following purposes:<\/p>\n<ul>\n<li style=\"text-align: left;\">To fulfill and manage the bookings you make.<\/li>\n<li style=\"text-align: left;\">To communicate with you regarding your reservation, updates, promotions or other information related to the restaurant.<\/li>\n<li style=\"text-align: left;\">To improve our website and services based on the feedback and usage data we receive.<\/li>\n<\/ul>\n<h2>Data security<\/h2>\n<p>The security of your information is our priority and we take appropriate measures to protect it. However, please note that no method of transmission over the Internet or electronic storage is 100% secure.<\/p>\n<h2>Exchange of information<\/h2>\n<p>We do not sell, trade or transfer your personal information to third parties. However, we may share your information with trusted third parties who help us operate our website, conduct business or provide services, provided those parties agree to keep this information confidential.<\/p>\n<h2>Your rights<\/h2>\n<p>You have the right to access, update or delete your personal information. If you would like to do this, please contact us using the information provided below.<\/p>\n<h2>Changes to this Privacy Policy<\/h2>\n<p>We reserve the right to update or modify this Privacy Policy at any time. Any changes will be posted on this page with an updated revision date.<\/p>\n<h2>Contact us<\/h2>\n<p>If you have any questions or concerns regarding this Privacy Policy, please contact us at:<\/p>\n<p>Petrus<br>Address: Trg Slobode 4, Novi Sad<br>E-mail: petrus@petruscaffe.com<\/p>\n<p>Phone: +381 66 323 424<\/p>\t\t\t\t\t\t<\/div>\n\t\t\t\t<\/div>\n\t\t\t\t\t<\/div>\n\t\t\t\t<\/div>\n\t\t\t\t<\/div>","protected":false},"excerpt":{"rendered":"<p>Politika privatnosti za restoran Petrus U restoranu Petrus, posve\u0107eni smo za\u0161titi va\u0161e privatnosti. Ova Politika privatnosti opisuje informacije koje prikupljamo, kako ih koristimo i koje mogu\u0107nosti imate u vezi sa va\u0161im informacijama kada posetite na\u0161 veb sajt ili koristite na\u0161e usluge. Informacije koje prikupljamo Kada posetite veb sajt restorana Petrus ili napravite rezervaciju, mo\u017eemo prikupiti [&hellip;]<\/p>","protected":false},"author":1,"featured_media":0,"parent":0,"menu_order":0,"comment_status":"closed","ping_status":"closed","template":"elementor_header_footer","meta":{"_acf_changed":false,"footnotes":""},"class_list":["post-14639","page","type-page","status-publish","hentry"],"acf":[],"yoast_head":"<!-- This site is optimized with the Yoast SEO plugin v23.7 - https:\/\/yoast.com\/wordpress\/plugins\/seo\/ -->\n<title>Politika Privatnosti | PETRUS<\/title>\n<meta name=\"robots\" content=\"index, follow, max-snippet:-1, max-image-preview:large, max-video-preview:-1\" \/>\n<link rel=\"canonical\" href=\"https:\/\/petruscaffe.com\/en\/politika-privatnosti\/\" \/>\n<meta property=\"og:locale\" content=\"en_GB\" \/>\n<meta property=\"og:type\" content=\"article\" \/>\n<meta property=\"og:title\" content=\"Politika Privatnosti | PETRUS\" \/>\n<meta property=\"og:description\" content=\"Politika privatnosti za restoran Petrus U restoranu Petrus, posve\u0107eni smo za\u0161titi va\u0161e privatnosti. Ova Politika privatnosti opisuje informacije koje prikupljamo, kako ih koristimo i koje mogu\u0107nosti imate u vezi sa va\u0161im informacijama kada posetite na\u0161 veb sajt ili koristite na\u0161e usluge. Informacije koje prikupljamo Kada posetite veb sajt restorana Petrus ili napravite rezervaciju, mo\u017eemo prikupiti [&hellip;]\" \/>\n<meta property=\"og:url\" content=\"https:\/\/petruscaffe.com\/en\/politika-privatnosti\/\" \/>\n<meta property=\"og:site_name\" content=\"PETRUS\" \/>\n<meta property=\"article:modified_time\" content=\"2023-12-12T09:24:43+00:00\" \/>\n<meta name=\"twitter:card\" content=\"summary_large_image\" \/>\n<meta name=\"twitter:label1\" content=\"Estimated reading time\" \/>\n\t<meta name=\"twitter:data1\" content=\"2 minutes\" \/>\n<script type=\"application\/ld+json\" class=\"yoast-schema-graph\">{\"@context\":\"https:\/\/schema.org\",\"@graph\":[{\"@type\":\"WebPage\",\"@id\":\"https:\/\/petruscaffe.com\/politika-privatnosti\/\",\"url\":\"https:\/\/petruscaffe.com\/politika-privatnosti\/\",\"name\":\"Politika Privatnosti | PETRUS\",\"isPartOf\":{\"@id\":\"https:\/\/petruscaffe.com\/#website\"},\"datePublished\":\"2023-12-12T09:09:50+00:00\",\"dateModified\":\"2023-12-12T09:24:43+00:00\",\"breadcrumb\":{\"@id\":\"https:\/\/petruscaffe.com\/politika-privatnosti\/#breadcrumb\"},\"inLanguage\":\"en-GB\",\"potentialAction\":[{\"@type\":\"ReadAction\",\"target\":[\"https:\/\/petruscaffe.com\/politika-privatnosti\/\"]}]},{\"@type\":\"BreadcrumbList\",\"@id\":\"https:\/\/petruscaffe.com\/politika-privatnosti\/#breadcrumb\",\"itemListElement\":[{\"@type\":\"ListItem\",\"position\":1,\"name\":\"Po\u010detna\",\"item\":\"https:\/\/petruscaffe.com\/\"},{\"@type\":\"ListItem\",\"position\":2,\"name\":\"Politika Privatnosti\"}]},{\"@type\":\"WebSite\",\"@id\":\"https:\/\/petruscaffe.com\/#website\",\"url\":\"https:\/\/petruscaffe.com\/\",\"name\":\"PETRUS\",\"description\":\"Caffe Gallery Bar\",\"publisher\":{\"@id\":\"https:\/\/petruscaffe.com\/#organization\"},\"potentialAction\":[{\"@type\":\"SearchAction\",\"target\":{\"@type\":\"EntryPoint\",\"urlTemplate\":\"https:\/\/petruscaffe.com\/?s={search_term_string}\"},\"query-input\":{\"@type\":\"PropertyValueSpecification\",\"valueRequired\":true,\"valueName\":\"search_term_string\"}}],\"inLanguage\":\"en-GB\"},{\"@type\":\"Organization\",\"@id\":\"https:\/\/petruscaffe.com\/#organization\",\"name\":\"PETRUS\",\"url\":\"https:\/\/petruscaffe.com\/\",\"logo\":{\"@type\":\"ImageObject\",\"inLanguage\":\"en-GB\",\"@id\":\"https:\/\/petruscaffe.com\/#\/schema\/logo\/image\/\",\"url\":\"https:\/\/petruscaffe.com\/wp-content\/uploads\/2021\/10\/PETRUS-LOGO-ORIGINAL-PNG.png\",\"contentUrl\":\"https:\/\/petruscaffe.com\/wp-content\/uploads\/2021\/10\/PETRUS-LOGO-ORIGINAL-PNG.png\",\"width\":4917,\"height\":2202,\"caption\":\"PETRUS\"},\"image\":{\"@id\":\"https:\/\/petruscaffe.com\/#\/schema\/logo\/image\/\"}}]}<\/script>\n<!-- \/ Yoast SEO plugin. -->","yoast_head_json":{"title":"Politika Privatnosti | PETRUS","robots":{"index":"index","follow":"follow","max-snippet":"max-snippet:-1","max-image-preview":"max-image-preview:large","max-video-preview":"max-video-preview:-1"},"canonical":"https:\/\/petruscaffe.com\/en\/politika-privatnosti\/","og_locale":"en_GB","og_type":"article","og_title":"Politika Privatnosti | PETRUS","og_description":"Politika privatnosti za restoran Petrus U restoranu Petrus, posve\u0107eni smo za\u0161titi va\u0161e privatnosti. Ova Politika privatnosti opisuje informacije koje prikupljamo, kako ih koristimo i koje mogu\u0107nosti imate u vezi sa va\u0161im informacijama kada posetite na\u0161 veb sajt ili koristite na\u0161e usluge. Informacije koje prikupljamo Kada posetite veb sajt restorana Petrus ili napravite rezervaciju, mo\u017eemo prikupiti [&hellip;]","og_url":"https:\/\/petruscaffe.com\/en\/politika-privatnosti\/","og_site_name":"PETRUS","article_modified_time":"2023-12-12T09:24:43+00:00","twitter_card":"summary_large_image","twitter_misc":{"Estimated reading time":"2 minutes"},"schema":{"@context":"https:\/\/schema.org","@graph":[{"@type":"WebPage","@id":"https:\/\/petruscaffe.com\/politika-privatnosti\/","url":"https:\/\/petruscaffe.com\/politika-privatnosti\/","name":"Politika Privatnosti | PETRUS","isPartOf":{"@id":"https:\/\/petruscaffe.com\/#website"},"datePublished":"2023-12-12T09:09:50+00:00","dateModified":"2023-12-12T09:24:43+00:00","breadcrumb":{"@id":"https:\/\/petruscaffe.com\/politika-privatnosti\/#breadcrumb"},"inLanguage":"en-GB","potentialAction":[{"@type":"ReadAction","target":["https:\/\/petruscaffe.com\/politika-privatnosti\/"]}]},{"@type":"BreadcrumbList","@id":"https:\/\/petruscaffe.com\/politika-privatnosti\/#breadcrumb","itemListElement":[{"@type":"ListItem","position":1,"name":"Po\u010detna","item":"https:\/\/petruscaffe.com\/"},{"@type":"ListItem","position":2,"name":"Politika Privatnosti"}]},{"@type":"WebSite","@id":"https:\/\/petruscaffe.com\/#website","url":"https:\/\/petruscaffe.com\/","name":"PETRUS","description":"Caffe Gallery Bar","publisher":{"@id":"https:\/\/petruscaffe.com\/#organization"},"potentialAction":[{"@type":"SearchAction","target":{"@type":"EntryPoint","urlTemplate":"https:\/\/petruscaffe.com\/?s={search_term_string}"},"query-input":{"@type":"PropertyValueSpecification","valueRequired":true,"valueName":"search_term_string"}}],"inLanguage":"en-GB"},{"@type":"Organization","@id":"https:\/\/petruscaffe.com\/#organization","name":"PETRUS","url":"https:\/\/petruscaffe.com\/","logo":{"@type":"ImageObject","inLanguage":"en-GB","@id":"https:\/\/petruscaffe.com\/#\/schema\/logo\/image\/","url":"https:\/\/petruscaffe.com\/wp-content\/uploads\/2021\/10\/PETRUS-LOGO-ORIGINAL-PNG.png","contentUrl":"https:\/\/petruscaffe.com\/wp-content\/uploads\/2021\/10\/PETRUS-LOGO-ORIGINAL-PNG.png","width":4917,"height":2202,"caption":"PETRUS"},"image":{"@id":"https:\/\/petruscaffe.com\/#\/schema\/logo\/image\/"}}]}},"_links":{"self":[{"href":"https:\/\/petruscaffe.com\/en\/wp-json\/wp\/v2\/pages\/14639"}],"collection":[{"href":"https:\/\/petruscaffe.com\/en\/wp-json\/wp\/v2\/pages"}],"about":[{"href":"https:\/\/petruscaffe.com\/en\/wp-json\/wp\/v2\/types\/page"}],"author":[{"embeddable":true,"href":"https:\/\/petruscaffe.com\/en\/wp-json\/wp\/v2\/users\/1"}],"replies":[{"embeddable":true,"href":"https:\/\/petruscaffe.com\/en\/wp-json\/wp\/v2\/comments?post=14639"}],"version-history":[{"count":13,"href":"https:\/\/petruscaffe.com\/en\/wp-json\/wp\/v2\/pages\/14639\/revisions"}],"predecessor-version":[{"id":14652,"href":"https:\/\/petruscaffe.com\/en\/wp-json\/wp\/v2\/pages\/14639\/revisions\/14652"}],"wp:attachment":[{"href":"https:\/\/petruscaffe.com\/en\/wp-json\/wp\/v2\/media?parent=14639"}],"curies":[{"name":"wp","href":"https:\/\/api.w.org\/{rel}","templated":true}]}}