{"id":3914,"date":"2021-10-20T06:30:45","date_gmt":"2021-10-20T08:30:45","guid":{"rendered":"https:\/\/petruscaffe.com\/?page_id=3914"},"modified":"2022-01-06T14:37:26","modified_gmt":"2022-01-06T16:37:26","slug":"rezervacije","status":"publish","type":"page","link":"https:\/\/petruscaffe.com\/en\/reservations\/","title":{"rendered":"Rezervacije"},"content":{"rendered":"<div data-elementor-type=\"wp-page\" data-elementor-id=\"3914\" class=\"elementor elementor-3914\" data-elementor-post-type=\"page\">\n\t\t\t\t\t\t<section class=\"elementor-section elementor-top-section elementor-element elementor-element-304f43b elementor-section-height-min-height elementor-section-boxed elementor-section-height-default elementor-section-items-middle\" data-id=\"304f43b\" data-element_type=\"section\" data-settings=\"{&quot;background_background&quot;:&quot;classic&quot;}\">\n\t\t\t\t\t\t\t<div class=\"elementor-background-overlay\"><\/div>\n\t\t\t\t\t\t\t<div class=\"elementor-container elementor-column-gap-default\">\n\t\t\t\t\t<div class=\"elementor-column elementor-col-100 elementor-top-column elementor-element elementor-element-c92d8f5\" data-id=\"c92d8f5\" data-element_type=\"column\">\n\t\t\t<div class=\"elementor-widget-wrap elementor-element-populated\">\n\t\t\t\t\t\t<div class=\"elementor-element elementor-element-84a6e0a elementor-widget elementor-widget-heading\" data-id=\"84a6e0a\" data-element_type=\"widget\" data-widget_type=\"heading.default\">\n\t\t\t\t<div class=\"elementor-widget-container\">\n\t\t\t<h2 class=\"elementor-heading-title elementor-size-default\">RESERVATIONS<\/h2>\t\t<\/div>\n\t\t\t\t<\/div>\n\t\t\t\t<div class=\"elementor-element elementor-element-13a79ea elementor-widget elementor-widget-text-editor\" data-id=\"13a79ea\" data-element_type=\"widget\" data-widget_type=\"text-editor.default\">\n\t\t\t\t<div class=\"elementor-widget-container\">\n\t\t\t\t\t\t\t<span style=\"font-weight: 100;\">You can also book a table for lunch or dinner this way.<\/span> <br><br>\n\n<span style=\"font-weight: 100;\">Please note that filling out this form is a booking request only.<\/span> <br><br>\n\n<span style=\"font-weight: 100;\">Please wait for a booking confirmation.<\/span>\t\t\t\t\t\t<\/div>\n\t\t\t\t<\/div>\n\t\t\t\t<div class=\"elementor-element elementor-element-39b379c elementor-widget-divider--view-line_icon elementor-view-default elementor-widget-divider--element-align-center elementor-widget elementor-widget-divider\" data-id=\"39b379c\" data-element_type=\"widget\" data-widget_type=\"divider.default\">\n\t\t\t\t<div class=\"elementor-widget-container\">\n\t\t\t\t\t<div class=\"elementor-divider\">\n\t\t\t<span class=\"elementor-divider-separator\">\n\t\t\t\t\t\t\t<div class=\"elementor-icon elementor-divider__element\">\n\t\t\t\t\t<svg xmlns=\"http:\/\/www.w3.org\/2000\/svg\" viewbox=\"0 0 26.36 31.14\"><defs><style>.cls-1{fill:#ab7a2a;fill-rule:evenodd;}<\/style><\/defs><g id=\"Layer_2\" data-name=\"Layer 2\"><g id=\"Layer_1-2\" data-name=\"Layer 1\"><path class=\"cls-1\" d=\"M24.48,12.82a5,5,0,0,0-4.4-.9A7,7,0,0,0,16,14.51a7.9,7.9,0,0,1,1.66-3.23c.79-.89,1.69-1.68,2.54-2.52A41.92,41.92,0,0,1,13.56.55a.78.78,0,0,1-.1-.15,1.84,1.84,0,0,0-.28-.4,1.89,1.89,0,0,0-.27.4c0,.06-.07.1-.1.15A42.34,42.34,0,0,1,6.16,8.76C7,9.6,7.91,10.39,8.7,11.28a7.8,7.8,0,0,1,1.67,3.23,7,7,0,0,0-4.08-2.59,5,5,0,0,0-4.4.9,5.47,5.47,0,0,0,.6,8.72,2.87,2.87,0,0,0,3.25-.11c.36-.36.49-.67.06-1.12a1.65,1.65,0,0,1,.58-2.66,2.54,2.54,0,0,1,2.44.18c1,.59,2.09,1.2,1.62,2.71a.4.4,0,0,0,.05.23c.18.44-.11,1.05.46,1.38,0,0,0,.11,0,.17a1.25,1.25,0,0,1-1.09,1,.92.92,0,0,1-1.06-.7c-.1-.39-.3-.33-.56-.27a2.07,2.07,0,0,0-1.05,3.25,2.58,2.58,0,0,0,3.4.55l.68-.47a1.47,1.47,0,0,1,.1.13L9.69,27.17l3.49,4h0l3.49-4L15,25.79l.11-.13.68.47a2.57,2.57,0,0,0,3.39-.55,2.06,2.06,0,0,0-1-3.25c-.26-.06-.46-.12-.56.27a.93.93,0,0,1-1.06.7,1.27,1.27,0,0,1-1.1-1c0-.06,0-.16,0-.17.56-.33.27-.94.46-1.38a.4.4,0,0,0,0-.23c-.48-1.51.64-2.12,1.62-2.71A2.52,2.52,0,0,1,20,17.65a1.66,1.66,0,0,1,.59,2.66c-.43.45-.31.76.06,1.12a2.87,2.87,0,0,0,3.25.11A5.47,5.47,0,0,0,24.48,12.82Z\"><\/path><\/g><\/g><\/svg><\/div>\n\t\t\t\t\t\t<\/span>\n\t\t<\/div>\n\t\t\t\t<\/div>\n\t\t\t\t<\/div>\n\t\t\t\t<div class=\"elementor-element elementor-element-a6ccc9a elementor-button-align-stretch elementor-widget elementor-widget-form\" data-id=\"a6ccc9a\" data-element_type=\"widget\" data-settings=\"{&quot;step_next_label&quot;:&quot;Next&quot;,&quot;step_previous_label&quot;:&quot;Previous&quot;,&quot;button_width&quot;:&quot;100&quot;,&quot;step_type&quot;:&quot;number_text&quot;,&quot;step_icon_shape&quot;:&quot;circle&quot;}\" data-widget_type=\"form.default\">\n\t\t\t\t<div class=\"elementor-widget-container\">\n\t\t\t\t\t<form class=\"elementor-form\" method=\"post\" id=\"rezervacije\" name=\"Rezervacije\" action=\"\">\n\t\t\t<input type=\"hidden\" name=\"post_id\" value=\"3914\"\/>\n\t\t\t<input type=\"hidden\" name=\"form_id\" value=\"a6ccc9a\"\/>\n\t\t\t<input type=\"hidden\" name=\"referer_title\" value=\"PETRUS\" \/>\n\n\t\t\t\n\t\t\t<div class=\"elementor-form-fields-wrapper elementor-labels-above\">\n\t\t\t\t\t\t\t\t<div class=\"elementor-field-type-text elementor-field-group elementor-column elementor-field-group-name elementor-col-100 elementor-field-required elementor-mark-required\">\n\t\t\t\t\t\t\t\t\t\t\t\t<label for=\"form-field-name\" class=\"elementor-field-label\">\n\t\t\t\t\t\t\t\tName and surname\t\t\t\t\t\t\t<\/label>\n\t\t\t\t\t\t\t\t\t\t\t\t\t\t<input size=\"1\" type=\"text\" name=\"form_fields[name]\" id=\"form-field-name\" class=\"elementor-field elementor-size-sm  elementor-field-textual\" placeholder=\"Your name and surname to which the reservation will be written.\" required=\"required\" aria-required=\"true\">\n\t\t\t\t\t\t\t\t\t\t\t<\/div>\n\t\t\t\t\t\t\t\t<div class=\"elementor-field-type-date elementor-field-group elementor-column elementor-field-group-datum elementor-col-50 elementor-field-required elementor-mark-required\">\n\t\t\t\t\t\t\t\t\t\t\t\t<label for=\"form-field-datum\" class=\"elementor-field-label\">\n\t\t\t\t\t\t\t\tDate\t\t\t\t\t\t\t<\/label>\n\t\t\t\t\t\t\n\t\t<input type=\"date\" name=\"form_fields[datum]\" id=\"form-field-datum\" class=\"elementor-field elementor-size-sm  elementor-field-textual elementor-date-field\" required=\"required\" aria-required=\"true\" pattern=\"[0-9]{4}-[0-9]{2}-[0-9]{2}\">\n\t\t\t\t\t\t<\/div>\n\t\t\t\t\t\t\t\t<div class=\"elementor-field-type-time elementor-field-group elementor-column elementor-field-group-vreme elementor-col-50 elementor-field-required elementor-mark-required\">\n\t\t\t\t\t\t\t\t\t\t\t\t<label for=\"form-field-vreme\" class=\"elementor-field-label\">\n\t\t\t\t\t\t\t\tTime\t\t\t\t\t\t\t<\/label>\n\t\t\t\t\t\t\t\t<input type=\"time\" name=\"form_fields[vreme]\" id=\"form-field-vreme\" class=\"elementor-field elementor-size-sm  elementor-field-textual elementor-time-field\" required=\"required\" aria-required=\"true\">\n\t\t\t\t\t\t<\/div>\n\t\t\t\t\t\t\t\t<div class=\"elementor-field-type-number elementor-field-group elementor-column elementor-field-group-broj_osoba elementor-col-50 elementor-field-required elementor-mark-required\">\n\t\t\t\t\t\t\t\t\t\t\t\t<label for=\"form-field-broj_osoba\" class=\"elementor-field-label\">\n\t\t\t\t\t\t\t\tNumber of persons\t\t\t\t\t\t\t<\/label>\n\t\t\t\t\t\t\t\t\t<input type=\"number\" name=\"form_fields[broj_osoba]\" id=\"form-field-broj_osoba\" class=\"elementor-field elementor-size-sm  elementor-field-textual\" required=\"required\" aria-required=\"true\" min=\"\" max=\"\" >\n\t\t\t\t\t\t<\/div>\n\t\t\t\t\t\t\t\t<div class=\"elementor-field-type-select elementor-field-group elementor-column elementor-field-group-zona elementor-col-50 elementor-field-required elementor-mark-required\">\n\t\t\t\t\t\t\t\t\t\t\t\t<label for=\"form-field-zona\" class=\"elementor-field-label\">\n\t\t\t\t\t\t\t\tZone\t\t\t\t\t\t\t<\/label>\n\t\t\t\t\t\t\t\t<div class=\"elementor-field elementor-select-wrapper remove-before\">\n\t\t\t<div class=\"select-caret-down-wrapper\">\n\t\t\t\t<svg aria-hidden=\"true\" class=\"e-font-icon-svg e-eicon-caret-down\" viewbox=\"0 0 571.4 571.4\" xmlns=\"http:\/\/www.w3.org\/2000\/svg\"><path d=\"M571 393Q571 407 561 418L311 668Q300 679 286 679T261 668L11 418Q0 407 0 393T11 368 36 357H536Q550 357 561 368T571 393Z\"><\/path><\/svg>\t\t\t<\/div>\n\t\t\t<select name=\"form_fields[zona]\" id=\"form-field-zona\" class=\"elementor-field-textual elementor-size-sm\" required=\"required\" aria-required=\"true\">\n\t\t\t\t\t\t\t\t\t<option value=\"-\">-<\/option>\n\t\t\t\t\t\t\t\t\t<option value=\"Nije va\u017eno\">Not important<\/option>\n\t\t\t\t\t\t\t\t\t<option value=\"Pu\u0161a\u010dka zona\">Smoking area<\/option>\n\t\t\t\t\t\t\t\t\t<option value=\"Nepu\u0161a\u010dka zona\">Non-smoking area<\/option>\n\t\t\t\t\t\t\t\t\t<option value=\"-\">-<\/option>\n\t\t\t\t\t\t\t<\/select>\n\t\t<\/div>\n\t\t\t\t\t\t<\/div>\n\t\t\t\t\t\t\t\t<div class=\"elementor-field-type-tel elementor-field-group elementor-column elementor-field-group-broj_telefona elementor-col-50 elementor-field-required elementor-mark-required\">\n\t\t\t\t\t\t\t\t\t\t\t\t<label for=\"form-field-broj_telefona\" class=\"elementor-field-label\">\n\t\t\t\t\t\t\t\tPhone number\t\t\t\t\t\t\t<\/label>\n\t\t\t\t\t\t\t\t<input size=\"1\" type=\"tel\" name=\"form_fields[broj_telefona]\" id=\"form-field-broj_telefona\" class=\"elementor-field elementor-size-sm  elementor-field-textual\" required=\"required\" aria-required=\"true\" pattern=\"[0-9()#&amp;+*-=.]+\" title=\"Only numbers and phone characters (#, -, *, etc) are accepted.\">\n\n\t\t\t\t\t\t<\/div>\n\t\t\t\t\t\t\t\t<div class=\"elementor-field-type-email elementor-field-group elementor-column elementor-field-group-email elementor-col-50 elementor-field-required elementor-mark-required\">\n\t\t\t\t\t\t\t\t\t\t\t\t<label for=\"form-field-email\" class=\"elementor-field-label\">\n\t\t\t\t\t\t\t\tE-mail\t\t\t\t\t\t\t<\/label>\n\t\t\t\t\t\t\t\t\t\t\t\t\t\t<input size=\"1\" type=\"email\" name=\"form_fields[email]\" id=\"form-field-email\" class=\"elementor-field elementor-size-sm  elementor-field-textual\" required=\"required\" aria-required=\"true\">\n\t\t\t\t\t\t\t\t\t\t\t<\/div>\n\t\t\t\t\t\t\t\t<div class=\"elementor-field-type-textarea elementor-field-group elementor-column elementor-field-group-napomena elementor-col-100\">\n\t\t\t\t\t\t\t\t\t\t\t\t<label for=\"form-field-napomena\" class=\"elementor-field-label\">\n\t\t\t\t\t\t\t\tNote\t\t\t\t\t\t\t<\/label>\n\t\t\t\t\t\t<textarea class=\"elementor-field-textual elementor-field  elementor-size-sm\" name=\"form_fields[napomena]\" id=\"form-field-napomena\" rows=\"4\" placeholder=\"If you have special requirements or want to mention something.\"><\/textarea>\t\t\t\t<\/div>\n\t\t\t\t\t\t\t\t<div class=\"elementor-field-group elementor-column elementor-field-type-submit elementor-col-100 e-form__buttons\">\n\t\t\t\t\t<button class=\"elementor-button elementor-size-sm\" type=\"submit\">\n\t\t\t\t\t\t<span class=\"elementor-button-content-wrapper\">\n\t\t\t\t\t\t\t\t\t\t\t\t\t\t\t\t\t\t\t\t\t\t<span class=\"elementor-button-text\">SEND<\/span>\n\t\t\t\t\t\t\t\t\t\t\t\t\t<\/span>\n\t\t\t\t\t<\/button>\n\t\t\t\t<\/div>\n\t\t\t<\/div>\n\t\t<input type=\"hidden\" name=\"trp-form-language\" value=\"en\"\/><\/form>\n\t\t\t\t<\/div>\n\t\t\t\t<\/div>\n\t\t\t\t\t<\/div>\n\t\t<\/div>\n\t\t\t\t\t<\/div>\n\t\t<\/section>\n\t\t\t\t<section class=\"elementor-section elementor-top-section elementor-element elementor-element-9516d62 elementor-section-height-min-height elementor-section-boxed elementor-section-height-default elementor-section-items-middle\" data-id=\"9516d62\" data-element_type=\"section\" data-settings=\"{&quot;background_background&quot;:&quot;classic&quot;}\">\n\t\t\t\t\t\t<div class=\"elementor-container elementor-column-gap-default\">\n\t\t\t\t\t<div class=\"elementor-column elementor-col-100 elementor-top-column elementor-element elementor-element-18dd00b\" data-id=\"18dd00b\" data-element_type=\"column\">\n\t\t\t<div class=\"elementor-widget-wrap elementor-element-populated\">\n\t\t\t\t\t\t<div class=\"elementor-element elementor-element-77b1a7f elementor-widget elementor-widget-spacer\" data-id=\"77b1a7f\" data-element_type=\"widget\" data-widget_type=\"spacer.default\">\n\t\t\t\t<div class=\"elementor-widget-container\">\n\t\t\t\t\t<div class=\"elementor-spacer\">\n\t\t\t<div class=\"elementor-spacer-inner\"><\/div>\n\t\t<\/div>\n\t\t\t\t<\/div>\n\t\t\t\t<\/div>\n\t\t\t\t\t<\/div>\n\t\t<\/div>\n\t\t\t\t\t<\/div>\n\t\t<\/section>\n\t\t\t\t<\/div>","protected":false},"excerpt":{"rendered":"<p>REZERVACIJE Rezervaciju stola za ru\u010dak ili ve\u010deru mo\u017eete uraditi i ovim putem. Napominjemo da je popunjavanje ove forme samo zahtev za rezervaciju. Molimo Vas da sa\u010dekate odgovor kako bi bili sigurni da je rezervacija uspe\u0161na.<\/p>","protected":false},"author":1,"featured_media":0,"parent":0,"menu_order":0,"comment_status":"closed","ping_status":"closed","template":"elementor_header_footer","meta":{"_acf_changed":false,"footnotes":""},"class_list":["post-3914","page","type-page","status-publish","hentry"],"acf":[],"yoast_head":"<!-- This site is optimized with the Yoast SEO plugin v23.7 - https:\/\/yoast.com\/wordpress\/plugins\/seo\/ -->\n<title>Rezervi\u0161ite Svoje Mesto | Petrus Restoran | Novi Sad<\/title>\n<meta name=\"description\" content=\"Da biste bili sigurni da ste obezbedili svoje mesto za ru\u010dak\/ve\u010dereu, popunite formular za rezervacije i o\u010dekujte ubrzo odgovor od nas.\" \/>\n<meta name=\"robots\" content=\"index, follow, max-snippet:-1, max-image-preview:large, max-video-preview:-1\" \/>\n<link rel=\"canonical\" href=\"https:\/\/petruscaffe.com\/en\/reservations\/\" \/>\n<meta property=\"og:locale\" content=\"en_GB\" \/>\n<meta property=\"og:type\" content=\"article\" \/>\n<meta property=\"og:title\" content=\"Rezervi\u0161ite Svoje Mesto | Petrus Restoran | Novi Sad\" \/>\n<meta property=\"og:description\" content=\"Da biste bili sigurni da ste obezbedili svoje mesto za ru\u010dak\/ve\u010dereu, popunite formular za rezervacije i o\u010dekujte ubrzo odgovor od nas.\" \/>\n<meta property=\"og:url\" content=\"https:\/\/petruscaffe.com\/en\/reservations\/\" \/>\n<meta property=\"og:site_name\" content=\"PETRUS\" \/>\n<meta property=\"article:modified_time\" content=\"2022-01-06T16:37:26+00:00\" \/>\n<meta name=\"twitter:card\" content=\"summary_large_image\" \/>\n<meta name=\"twitter:label1\" content=\"Estimated reading time\" \/>\n\t<meta name=\"twitter:data1\" content=\"1 minute\" \/>\n<script type=\"application\/ld+json\" class=\"yoast-schema-graph\">{\"@context\":\"https:\/\/schema.org\",\"@graph\":[{\"@type\":\"WebPage\",\"@id\":\"https:\/\/petruscaffe.com\/rezervacije\/\",\"url\":\"https:\/\/petruscaffe.com\/rezervacije\/\",\"name\":\"Rezervi\u0161ite Svoje Mesto | Petrus Restoran | Novi Sad\",\"isPartOf\":{\"@id\":\"https:\/\/petruscaffe.com\/#website\"},\"datePublished\":\"2021-10-20T08:30:45+00:00\",\"dateModified\":\"2022-01-06T16:37:26+00:00\",\"description\":\"Da biste bili sigurni da ste obezbedili svoje mesto za ru\u010dak\/ve\u010dereu, popunite formular za rezervacije i o\u010dekujte ubrzo odgovor od nas.\",\"breadcrumb\":{\"@id\":\"https:\/\/petruscaffe.com\/rezervacije\/#breadcrumb\"},\"inLanguage\":\"en-GB\",\"potentialAction\":[{\"@type\":\"ReadAction\",\"target\":[\"https:\/\/petruscaffe.com\/rezervacije\/\"]}]},{\"@type\":\"BreadcrumbList\",\"@id\":\"https:\/\/petruscaffe.com\/rezervacije\/#breadcrumb\",\"itemListElement\":[{\"@type\":\"ListItem\",\"position\":1,\"name\":\"Po\u010detna\",\"item\":\"https:\/\/petruscaffe.com\/\"},{\"@type\":\"ListItem\",\"position\":2,\"name\":\"Rezervacije\"}]},{\"@type\":\"WebSite\",\"@id\":\"https:\/\/petruscaffe.com\/#website\",\"url\":\"https:\/\/petruscaffe.com\/\",\"name\":\"PETRUS\",\"description\":\"Caffe Gallery Bar\",\"publisher\":{\"@id\":\"https:\/\/petruscaffe.com\/#organization\"},\"potentialAction\":[{\"@type\":\"SearchAction\",\"target\":{\"@type\":\"EntryPoint\",\"urlTemplate\":\"https:\/\/petruscaffe.com\/?s={search_term_string}\"},\"query-input\":{\"@type\":\"PropertyValueSpecification\",\"valueRequired\":true,\"valueName\":\"search_term_string\"}}],\"inLanguage\":\"en-GB\"},{\"@type\":\"Organization\",\"@id\":\"https:\/\/petruscaffe.com\/#organization\",\"name\":\"PETRUS\",\"url\":\"https:\/\/petruscaffe.com\/\",\"logo\":{\"@type\":\"ImageObject\",\"inLanguage\":\"en-GB\",\"@id\":\"https:\/\/petruscaffe.com\/#\/schema\/logo\/image\/\",\"url\":\"https:\/\/petruscaffe.com\/wp-content\/uploads\/2021\/10\/PETRUS-LOGO-ORIGINAL-PNG.png\",\"contentUrl\":\"https:\/\/petruscaffe.com\/wp-content\/uploads\/2021\/10\/PETRUS-LOGO-ORIGINAL-PNG.png\",\"width\":4917,\"height\":2202,\"caption\":\"PETRUS\"},\"image\":{\"@id\":\"https:\/\/petruscaffe.com\/#\/schema\/logo\/image\/\"}}]}<\/script>\n<!-- \/ Yoast SEO plugin. -->","yoast_head_json":{"title":"Rezervi\u0161ite Svoje Mesto | Petrus Restoran | Novi Sad","description":"Da biste bili sigurni da ste obezbedili svoje mesto za ru\u010dak\/ve\u010dereu, popunite formular za rezervacije i o\u010dekujte ubrzo odgovor od nas.","robots":{"index":"index","follow":"follow","max-snippet":"max-snippet:-1","max-image-preview":"max-image-preview:large","max-video-preview":"max-video-preview:-1"},"canonical":"https:\/\/petruscaffe.com\/en\/reservations\/","og_locale":"en_GB","og_type":"article","og_title":"Rezervi\u0161ite Svoje Mesto | Petrus Restoran | Novi Sad","og_description":"Da biste bili sigurni da ste obezbedili svoje mesto za ru\u010dak\/ve\u010dereu, popunite formular za rezervacije i o\u010dekujte ubrzo odgovor od nas.","og_url":"https:\/\/petruscaffe.com\/en\/reservations\/","og_site_name":"PETRUS","article_modified_time":"2022-01-06T16:37:26+00:00","twitter_card":"summary_large_image","twitter_misc":{"Estimated reading time":"1 minute"},"schema":{"@context":"https:\/\/schema.org","@graph":[{"@type":"WebPage","@id":"https:\/\/petruscaffe.com\/rezervacije\/","url":"https:\/\/petruscaffe.com\/rezervacije\/","name":"Rezervi\u0161ite Svoje Mesto | Petrus Restoran | Novi Sad","isPartOf":{"@id":"https:\/\/petruscaffe.com\/#website"},"datePublished":"2021-10-20T08:30:45+00:00","dateModified":"2022-01-06T16:37:26+00:00","description":"Da biste bili sigurni da ste obezbedili svoje mesto za ru\u010dak\/ve\u010dereu, popunite formular za rezervacije i o\u010dekujte ubrzo odgovor od nas.","breadcrumb":{"@id":"https:\/\/petruscaffe.com\/rezervacije\/#breadcrumb"},"inLanguage":"en-GB","potentialAction":[{"@type":"ReadAction","target":["https:\/\/petruscaffe.com\/rezervacije\/"]}]},{"@type":"BreadcrumbList","@id":"https:\/\/petruscaffe.com\/rezervacije\/#breadcrumb","itemListElement":[{"@type":"ListItem","position":1,"name":"Po\u010detna","item":"https:\/\/petruscaffe.com\/"},{"@type":"ListItem","position":2,"name":"Rezervacije"}]},{"@type":"WebSite","@id":"https:\/\/petruscaffe.com\/#website","url":"https:\/\/petruscaffe.com\/","name":"PETRUS","description":"Caffe Gallery Bar","publisher":{"@id":"https:\/\/petruscaffe.com\/#organization"},"potentialAction":[{"@type":"SearchAction","target":{"@type":"EntryPoint","urlTemplate":"https:\/\/petruscaffe.com\/?s={search_term_string}"},"query-input":{"@type":"PropertyValueSpecification","valueRequired":true,"valueName":"search_term_string"}}],"inLanguage":"en-GB"},{"@type":"Organization","@id":"https:\/\/petruscaffe.com\/#organization","name":"PETRUS","url":"https:\/\/petruscaffe.com\/","logo":{"@type":"ImageObject","inLanguage":"en-GB","@id":"https:\/\/petruscaffe.com\/#\/schema\/logo\/image\/","url":"https:\/\/petruscaffe.com\/wp-content\/uploads\/2021\/10\/PETRUS-LOGO-ORIGINAL-PNG.png","contentUrl":"https:\/\/petruscaffe.com\/wp-content\/uploads\/2021\/10\/PETRUS-LOGO-ORIGINAL-PNG.png","width":4917,"height":2202,"caption":"PETRUS"},"image":{"@id":"https:\/\/petruscaffe.com\/#\/schema\/logo\/image\/"}}]}},"_links":{"self":[{"href":"https:\/\/petruscaffe.com\/en\/wp-json\/wp\/v2\/pages\/3914"}],"collection":[{"href":"https:\/\/petruscaffe.com\/en\/wp-json\/wp\/v2\/pages"}],"about":[{"href":"https:\/\/petruscaffe.com\/en\/wp-json\/wp\/v2\/types\/page"}],"author":[{"embeddable":true,"href":"https:\/\/petruscaffe.com\/en\/wp-json\/wp\/v2\/users\/1"}],"replies":[{"embeddable":true,"href":"https:\/\/petruscaffe.com\/en\/wp-json\/wp\/v2\/comments?post=3914"}],"version-history":[{"count":88,"href":"https:\/\/petruscaffe.com\/en\/wp-json\/wp\/v2\/pages\/3914\/revisions"}],"predecessor-version":[{"id":9777,"href":"https:\/\/petruscaffe.com\/en\/wp-json\/wp\/v2\/pages\/3914\/revisions\/9777"}],"wp:attachment":[{"href":"https:\/\/petruscaffe.com\/en\/wp-json\/wp\/v2\/media?parent=3914"}],"curies":[{"name":"wp","href":"https:\/\/api.w.org\/{rel}","templated":true}]}}