{"id":6078,"date":"2021-11-03T06:32:30","date_gmt":"2021-11-03T08:32:30","guid":{"rendered":"https:\/\/petruscaffe.com\/?page_id=6078"},"modified":"2022-01-06T14:11:44","modified_gmt":"2022-01-06T16:11:44","slug":"karijera","status":"publish","type":"page","link":"https:\/\/petruscaffe.com\/hu\/karijera\/","title":{"rendered":"Karijera"},"content":{"rendered":"<div data-elementor-type=\"wp-page\" data-elementor-id=\"6078\" class=\"elementor elementor-6078\" data-elementor-post-type=\"page\">\n\t\t\t\t\t\t<section class=\"elementor-section elementor-top-section elementor-element elementor-element-14f563d elementor-section-full_width elementor-section-height-default elementor-section-height-default\" data-id=\"14f563d\" data-element_type=\"section\">\n\t\t\t\t\t\t<div class=\"elementor-container elementor-column-gap-default\">\n\t\t\t\t\t<div class=\"elementor-column elementor-col-100 elementor-top-column elementor-element elementor-element-28f6a7c\" data-id=\"28f6a7c\" data-element_type=\"column\">\n\t\t\t<div class=\"elementor-widget-wrap elementor-element-populated\">\n\t\t\t\t\t\t<div class=\"elementor-element elementor-element-525d2cd elementor--h-position-center elementor--v-position-middle elementor-widget elementor-widget-slides\" data-id=\"525d2cd\" data-element_type=\"widget\" data-settings=\"{&quot;navigation&quot;:&quot;none&quot;,&quot;autoplay_speed&quot;:10000,&quot;autoplay&quot;:&quot;yes&quot;,&quot;infinite&quot;:&quot;yes&quot;,&quot;transition&quot;:&quot;slide&quot;,&quot;transition_speed&quot;:500}\" data-widget_type=\"slides.default\">\n\t\t\t\t<div class=\"elementor-widget-container\">\n\t\t\t\t\t<div class=\"elementor-swiper\">\n\t\t\t<div class=\"elementor-slides-wrapper elementor-main-swiper swiper\" dir=\"ltr\" data-animation=\"\">\n\t\t\t\t<div class=\"swiper-wrapper elementor-slides\">\n\t\t\t\t\t\t\t\t\t\t<div class=\"elementor-repeater-item-1845b2c swiper-slide\"><div class=\"swiper-slide-bg elementor-ken-burns elementor-ken-burns--in\" role=\"img\"><\/div><div class=\"swiper-slide-inner\" ><div class=\"swiper-slide-contents\"><\/div><\/div><\/div>\t\t\t\t<\/div>\n\t\t\t\t\t\t\t<\/div>\n\t\t<\/div>\n\t\t\t\t<\/div>\n\t\t\t\t<\/div>\n\t\t\t\t<div class=\"elementor-element elementor-element-bb2b068 scroll-arrow elementor-widget elementor-widget-html\" data-id=\"bb2b068\" data-element_type=\"widget\" data-settings=\"{&quot;motion_fx_motion_fx_scrolling&quot;:&quot;yes&quot;,&quot;motion_fx_opacity_effect&quot;:&quot;yes&quot;,&quot;motion_fx_opacity_direction&quot;:&quot;in-out&quot;,&quot;motion_fx_range&quot;:&quot;viewport&quot;,&quot;motion_fx_opacity_level&quot;:{&quot;unit&quot;:&quot;px&quot;,&quot;size&quot;:10,&quot;sizes&quot;:[]},&quot;motion_fx_opacity_range&quot;:{&quot;unit&quot;:&quot;%&quot;,&quot;size&quot;:&quot;&quot;,&quot;sizes&quot;:{&quot;start&quot;:20,&quot;end&quot;:80}},&quot;motion_fx_devices&quot;:[&quot;desktop&quot;,&quot;tablet&quot;,&quot;mobile&quot;]}\" data-widget_type=\"html.default\">\n\t\t\t\t<div class=\"elementor-widget-container\">\n\t\t\t<div class=\"mouse_scroll\">\r\n\t<div>\r\n\t\t<span class=\"m_scroll_arrows unu\"><\/span>\r\n\t<\/div>\r\n<\/div>\r\n\t\t<\/div>\n\t\t\t\t<\/div>\n\t\t\t\t\t<\/div>\n\t\t<\/div>\n\t\t\t\t\t<\/div>\n\t\t<\/section>\n\t\t\t\t<section class=\"elementor-section elementor-top-section elementor-element elementor-element-977663b elementor-section-boxed elementor-section-height-default elementor-section-height-default\" data-id=\"977663b\" data-element_type=\"section\" data-settings=\"{&quot;background_background&quot;:&quot;classic&quot;}\">\n\t\t\t\t\t\t<div class=\"elementor-container elementor-column-gap-default\">\n\t\t\t\t\t<div class=\"elementor-column elementor-col-100 elementor-top-column elementor-element elementor-element-27f162c\" data-id=\"27f162c\" data-element_type=\"column\">\n\t\t\t<div class=\"elementor-widget-wrap elementor-element-populated\">\n\t\t\t\t\t\t<div class=\"elementor-element elementor-element-1e2dad4 elementor-widget elementor-widget-heading\" data-id=\"1e2dad4\" data-element_type=\"widget\" data-widget_type=\"heading.default\">\n\t\t\t\t<div class=\"elementor-widget-container\">\n\t\t\t<h2 class=\"elementor-heading-title elementor-size-default\">KARIJERA<\/h2>\t\t<\/div>\n\t\t\t\t<\/div>\n\t\t\t\t<div class=\"elementor-element elementor-element-c06865a naslov elementor-widget elementor-widget-text-editor\" data-id=\"c06865a\" data-element_type=\"widget\" data-widget_type=\"text-editor.default\">\n\t\t\t\t<div class=\"elementor-widget-container\">\n\t\t\t\t\t\t\tUvek smo u potrazi za velikim talentima.\n<br><br>\nSami zaposleni su postavili standard za izvanrednu korisni\u010dku uslugu, uz odr\u017eavanje najkvalitetnijeg iskustva gostiju.\n\n<br><br>\nTrenutno tra\u017eimo osoblje u baru, konobare, kuvare i sve izme\u0111u.\n\n<br><br>\nU zavisnosti od sektora nudimo besplatan obrok za zaposlene, odli\u010dne mogu\u0107nosti za napojnicu, redovnu i stabilnu zaradu, velikodu\u0161ne popuste na hranu i \u0161to je najva\u017enije, odli\u010dnu kulturu kompanije.\n<br><br>\nAko vam ovo zvu\u010di savr\u0161eno ili \u017eelite da saznate vi\u0161e, pritisnite dugme za prijavu odmah i stupite u kontakt sa na\u0161im ljubaznim timom za zapo\u0161ljavanje.\t\t\t\t\t\t<\/div>\n\t\t\t\t<\/div>\n\t\t\t\t<div class=\"elementor-element elementor-element-11c9e1e elementor-align-center elementor-widget elementor-widget-button\" data-id=\"11c9e1e\" data-element_type=\"widget\" data-widget_type=\"button.default\">\n\t\t\t\t<div class=\"elementor-widget-container\">\n\t\t\t\t\t<div class=\"elementor-button-wrapper\">\n\t\t\t<a class=\"elementor-button elementor-button-link elementor-size-lg\" href=\"mailto:posao@petruscaffe.com\">\n\t\t\t\t\t\t<span class=\"elementor-button-content-wrapper\">\n\t\t\t\t\t\t\t\t\t<span class=\"elementor-button-text\">APLICIRAJTE SADA!<\/span>\n\t\t\t\t\t<\/span>\n\t\t\t\t\t<\/a>\n\t\t<\/div>\n\t\t\t\t<\/div>\n\t\t\t\t<\/div>\n\t\t\t\t\t<\/div>\n\t\t<\/div>\n\t\t\t\t\t<\/div>\n\t\t<\/section>\n\t\t\t\t<section class=\"elementor-section elementor-top-section elementor-element elementor-element-db46b2b elementor-section-boxed elementor-section-height-default elementor-section-height-default\" data-id=\"db46b2b\" data-element_type=\"section\" data-settings=\"{&quot;background_background&quot;:&quot;classic&quot;}\">\n\t\t\t\t\t\t<div class=\"elementor-container elementor-column-gap-default\">\n\t\t\t\t\t<div class=\"elementor-column elementor-col-33 elementor-top-column elementor-element elementor-element-4b36f91\" data-id=\"4b36f91\" data-element_type=\"column\" data-settings=\"{&quot;background_background&quot;:&quot;classic&quot;}\">\n\t\t\t<div class=\"elementor-widget-wrap elementor-element-populated\">\n\t\t\t\t\t\t<div class=\"elementor-element elementor-element-7463296 elementor-widget elementor-widget-image\" data-id=\"7463296\" data-element_type=\"widget\" data-widget_type=\"image.default\">\n\t\t\t\t<div class=\"elementor-widget-container\">\n\t\t\t\t\t\t\t\t\t\t\t\t\t\t<a href=\"https:\/\/petruscaffe.com\/wp-content\/uploads\/2022\/01\/karijera-9.webp\" data-elementor-open-lightbox=\"yes\" data-elementor-lightbox-title=\"karijera-9\" data-e-action-hash=\"#elementor-action%3Aaction%3Dlightbox%26settings%3DeyJpZCI6OTc2NywidXJsIjoiaHR0cHM6XC9cL3BldHJ1c2NhZmZlLmNvbVwvd3AtY29udGVudFwvdXBsb2Fkc1wvMjAyMlwvMDFcL2thcmlqZXJhLTkud2VicCJ9\">\n\t\t\t\t\t\t\t<img fetchpriority=\"high\" decoding=\"async\" width=\"481\" height=\"481\" src=\"https:\/\/petruscaffe.com\/wp-content\/uploads\/2022\/01\/karijera-9.webp\" class=\"attachment-full size-full wp-image-9767\" alt=\"\" srcset=\"https:\/\/petruscaffe.com\/wp-content\/uploads\/2022\/01\/karijera-9.webp 481w, https:\/\/petruscaffe.com\/wp-content\/uploads\/2022\/01\/karijera-9-400x400.webp 400w\" sizes=\"(max-width: 481px) 100vw, 481px\" \/>\t\t\t\t\t\t\t\t<\/a>\n\t\t\t\t\t\t\t\t\t\t\t\t\t<\/div>\n\t\t\t\t<\/div>\n\t\t\t\t\t<\/div>\n\t\t<\/div>\n\t\t\t\t<div class=\"elementor-column elementor-col-33 elementor-top-column elementor-element elementor-element-1621dea\" data-id=\"1621dea\" data-element_type=\"column\" data-settings=\"{&quot;background_background&quot;:&quot;classic&quot;}\">\n\t\t\t<div class=\"elementor-widget-wrap elementor-element-populated\">\n\t\t\t\t\t\t<div class=\"elementor-element elementor-element-d5b0c6c elementor-widget elementor-widget-image\" data-id=\"d5b0c6c\" data-element_type=\"widget\" data-widget_type=\"image.default\">\n\t\t\t\t<div class=\"elementor-widget-container\">\n\t\t\t\t\t\t\t\t\t\t\t\t\t\t<a href=\"https:\/\/petruscaffe.com\/wp-content\/uploads\/2022\/01\/karijera-11.webp\" data-elementor-open-lightbox=\"yes\" data-elementor-lightbox-title=\"karijera-11\" data-e-action-hash=\"#elementor-action%3Aaction%3Dlightbox%26settings%3DeyJpZCI6OTc2NiwidXJsIjoiaHR0cHM6XC9cL3BldHJ1c2NhZmZlLmNvbVwvd3AtY29udGVudFwvdXBsb2Fkc1wvMjAyMlwvMDFcL2thcmlqZXJhLTExLndlYnAifQ%3D%3D\">\n\t\t\t\t\t\t\t<img decoding=\"async\" width=\"481\" height=\"481\" src=\"https:\/\/petruscaffe.com\/wp-content\/uploads\/2022\/01\/karijera-11.webp\" class=\"attachment-full size-full wp-image-9766\" alt=\"\" srcset=\"https:\/\/petruscaffe.com\/wp-content\/uploads\/2022\/01\/karijera-11.webp 481w, https:\/\/petruscaffe.com\/wp-content\/uploads\/2022\/01\/karijera-11-400x400.webp 400w\" sizes=\"(max-width: 481px) 100vw, 481px\" \/>\t\t\t\t\t\t\t\t<\/a>\n\t\t\t\t\t\t\t\t\t\t\t\t\t<\/div>\n\t\t\t\t<\/div>\n\t\t\t\t\t<\/div>\n\t\t<\/div>\n\t\t\t\t<div class=\"elementor-column elementor-col-33 elementor-top-column elementor-element elementor-element-41e41cb\" data-id=\"41e41cb\" data-element_type=\"column\" data-settings=\"{&quot;background_background&quot;:&quot;classic&quot;}\">\n\t\t\t<div class=\"elementor-widget-wrap elementor-element-populated\">\n\t\t\t\t\t\t<div class=\"elementor-element elementor-element-2040d81 elementor-widget elementor-widget-image\" data-id=\"2040d81\" data-element_type=\"widget\" data-widget_type=\"image.default\">\n\t\t\t\t<div class=\"elementor-widget-container\">\n\t\t\t\t\t\t\t\t\t\t\t\t\t\t<a href=\"https:\/\/petruscaffe.com\/wp-content\/uploads\/2022\/01\/karijera-12.webp\" data-elementor-open-lightbox=\"yes\" data-elementor-lightbox-title=\"karijera-12\" data-e-action-hash=\"#elementor-action%3Aaction%3Dlightbox%26settings%3DeyJpZCI6OTc2OCwidXJsIjoiaHR0cHM6XC9cL3BldHJ1c2NhZmZlLmNvbVwvd3AtY29udGVudFwvdXBsb2Fkc1wvMjAyMlwvMDFcL2thcmlqZXJhLTEyLndlYnAifQ%3D%3D\">\n\t\t\t\t\t\t\t<img decoding=\"async\" width=\"481\" height=\"481\" src=\"https:\/\/petruscaffe.com\/wp-content\/uploads\/2022\/01\/karijera-12.webp\" class=\"attachment-full size-full wp-image-9768\" alt=\"\" srcset=\"https:\/\/petruscaffe.com\/wp-content\/uploads\/2022\/01\/karijera-12.webp 481w, https:\/\/petruscaffe.com\/wp-content\/uploads\/2022\/01\/karijera-12-400x400.webp 400w\" sizes=\"(max-width: 481px) 100vw, 481px\" \/>\t\t\t\t\t\t\t\t<\/a>\n\t\t\t\t\t\t\t\t\t\t\t\t\t<\/div>\n\t\t\t\t<\/div>\n\t\t\t\t\t<\/div>\n\t\t<\/div>\n\t\t\t\t\t<\/div>\n\t\t<\/section>\n\t\t\t\t<section class=\"elementor-section elementor-top-section elementor-element elementor-element-ed02865 elementor-section-height-min-height elementor-section-boxed elementor-section-height-default elementor-section-items-middle\" data-id=\"ed02865\" data-element_type=\"section\" data-settings=\"{&quot;background_background&quot;:&quot;classic&quot;}\">\n\t\t\t\t\t\t<div class=\"elementor-container elementor-column-gap-default\">\n\t\t\t\t\t<div class=\"elementor-column elementor-col-100 elementor-top-column elementor-element elementor-element-67fbc0a\" data-id=\"67fbc0a\" data-element_type=\"column\">\n\t\t\t<div class=\"elementor-widget-wrap elementor-element-populated\">\n\t\t\t\t\t\t<div class=\"elementor-element elementor-element-8a7fa00 elementor-align-center elementor-widget elementor-widget-button\" data-id=\"8a7fa00\" data-element_type=\"widget\" data-widget_type=\"button.default\">\n\t\t\t\t<div class=\"elementor-widget-container\">\n\t\t\t\t\t<div class=\"elementor-button-wrapper\">\n\t\t\t<a class=\"elementor-button elementor-button-link elementor-size-lg\" href=\"https:\/\/petruscaffe.com\/hu\/asztalfoglalas\/\">\n\t\t\t\t\t\t<span class=\"elementor-button-content-wrapper\">\n\t\t\t\t\t\t\t\t\t<span class=\"elementor-button-text\">ASZTALFOGLAL\u00c1S<\/span>\n\t\t\t\t\t<\/span>\n\t\t\t\t\t<\/a>\n\t\t<\/div>\n\t\t\t\t<\/div>\n\t\t\t\t<\/div>\n\t\t\t\t\t<\/div>\n\t\t<\/div>\n\t\t\t\t\t<\/div>\n\t\t<\/section>\n\t\t\t\t<\/div>","protected":false},"excerpt":{"rendered":"<p>KARIJERA Uvek smo u potrazi za velikim talentima. Sami zaposleni su postavili standard za izvanrednu korisni\u010dku uslugu, uz odr\u017eavanje najkvalitetnijeg iskustva gostiju. Trenutno tra\u017eimo osoblje u baru, konobare, kuvare i sve izme\u0111u. U zavisnosti od sektora nudimo besplatan obrok za zaposlene, odli\u010dne mogu\u0107nosti za napojnicu, redovnu i stabilnu zaradu, velikodu\u0161ne popuste na hranu i \u0161to [&hellip;]<\/p>","protected":false},"author":1,"featured_media":0,"parent":0,"menu_order":0,"comment_status":"closed","ping_status":"closed","template":"elementor_header_footer","meta":{"_acf_changed":false,"footnotes":""},"class_list":["post-6078","page","type-page","status-publish","hentry"],"acf":[],"yoast_head":"<!-- This site is optimized with the Yoast SEO plugin v23.7 - https:\/\/yoast.com\/wordpress\/plugins\/seo\/ -->\n<title>Karijera u Petrusu | Petrus Restoran | Novi Sad<\/title>\n<meta name=\"description\" content=\"Uvek smo u potrazi za velikim talentima. Sami zaposleni su postavili standard za izvanrednu korisni\u010dku uslugu. Uz ovakav tim, biraj svoju karijeru u Petrusu.\" \/>\n<meta name=\"robots\" content=\"index, follow, max-snippet:-1, max-image-preview:large, max-video-preview:-1\" \/>\n<link rel=\"canonical\" href=\"https:\/\/petruscaffe.com\/hu\/karijera\/\" \/>\n<meta property=\"og:locale\" content=\"hu_HU\" \/>\n<meta property=\"og:type\" content=\"article\" \/>\n<meta property=\"og:title\" content=\"Karijera u Petrusu | Petrus Restoran | Novi Sad\" \/>\n<meta property=\"og:description\" content=\"Uvek smo u potrazi za velikim talentima. Sami zaposleni su postavili standard za izvanrednu korisni\u010dku uslugu. Uz ovakav tim, biraj svoju karijeru u Petrusu.\" \/>\n<meta property=\"og:url\" content=\"https:\/\/petruscaffe.com\/hu\/karijera\/\" \/>\n<meta property=\"og:site_name\" content=\"PETRUS\" \/>\n<meta property=\"article:modified_time\" content=\"2022-01-06T16:11:44+00:00\" \/>\n<meta property=\"og:image\" content=\"https:\/\/petruscaffe.com\/wp-content\/uploads\/2022\/01\/karijera-9.webp\" \/>\n<meta name=\"twitter:card\" content=\"summary_large_image\" \/>\n<meta name=\"twitter:label1\" content=\"Becs\u00fclt olvas\u00e1si id\u0151\" \/>\n\t<meta name=\"twitter:data1\" content=\"1 perc\" \/>\n<script type=\"application\/ld+json\" class=\"yoast-schema-graph\">{\"@context\":\"https:\/\/schema.org\",\"@graph\":[{\"@type\":\"WebPage\",\"@id\":\"https:\/\/petruscaffe.com\/karijera\/\",\"url\":\"https:\/\/petruscaffe.com\/karijera\/\",\"name\":\"Karijera u Petrusu | Petrus Restoran | Novi Sad\",\"isPartOf\":{\"@id\":\"https:\/\/petruscaffe.com\/#website\"},\"primaryImageOfPage\":{\"@id\":\"https:\/\/petruscaffe.com\/karijera\/#primaryimage\"},\"image\":{\"@id\":\"https:\/\/petruscaffe.com\/karijera\/#primaryimage\"},\"thumbnailUrl\":\"https:\/\/petruscaffe.com\/wp-content\/uploads\/2022\/01\/karijera-9.webp\",\"datePublished\":\"2021-11-03T08:32:30+00:00\",\"dateModified\":\"2022-01-06T16:11:44+00:00\",\"description\":\"Uvek smo u potrazi za velikim talentima. Sami zaposleni su postavili standard za izvanrednu korisni\u010dku uslugu. Uz ovakav tim, biraj svoju karijeru u Petrusu.\",\"breadcrumb\":{\"@id\":\"https:\/\/petruscaffe.com\/karijera\/#breadcrumb\"},\"inLanguage\":\"hu\",\"potentialAction\":[{\"@type\":\"ReadAction\",\"target\":[\"https:\/\/petruscaffe.com\/karijera\/\"]}]},{\"@type\":\"ImageObject\",\"inLanguage\":\"hu\",\"@id\":\"https:\/\/petruscaffe.com\/karijera\/#primaryimage\",\"url\":\"https:\/\/petruscaffe.com\/wp-content\/uploads\/2022\/01\/karijera-9.webp\",\"contentUrl\":\"https:\/\/petruscaffe.com\/wp-content\/uploads\/2022\/01\/karijera-9.webp\"},{\"@type\":\"BreadcrumbList\",\"@id\":\"https:\/\/petruscaffe.com\/karijera\/#breadcrumb\",\"itemListElement\":[{\"@type\":\"ListItem\",\"position\":1,\"name\":\"Po\u010detna\",\"item\":\"https:\/\/petruscaffe.com\/\"},{\"@type\":\"ListItem\",\"position\":2,\"name\":\"Karijera\"}]},{\"@type\":\"WebSite\",\"@id\":\"https:\/\/petruscaffe.com\/#website\",\"url\":\"https:\/\/petruscaffe.com\/\",\"name\":\"PETRUS\",\"description\":\"Caffe Gallery Bar\",\"publisher\":{\"@id\":\"https:\/\/petruscaffe.com\/#organization\"},\"potentialAction\":[{\"@type\":\"SearchAction\",\"target\":{\"@type\":\"EntryPoint\",\"urlTemplate\":\"https:\/\/petruscaffe.com\/?s={search_term_string}\"},\"query-input\":{\"@type\":\"PropertyValueSpecification\",\"valueRequired\":true,\"valueName\":\"search_term_string\"}}],\"inLanguage\":\"hu\"},{\"@type\":\"Organization\",\"@id\":\"https:\/\/petruscaffe.com\/#organization\",\"name\":\"PETRUS\",\"url\":\"https:\/\/petruscaffe.com\/\",\"logo\":{\"@type\":\"ImageObject\",\"inLanguage\":\"hu\",\"@id\":\"https:\/\/petruscaffe.com\/#\/schema\/logo\/image\/\",\"url\":\"https:\/\/petruscaffe.com\/wp-content\/uploads\/2021\/10\/PETRUS-LOGO-ORIGINAL-PNG.png\",\"contentUrl\":\"https:\/\/petruscaffe.com\/wp-content\/uploads\/2021\/10\/PETRUS-LOGO-ORIGINAL-PNG.png\",\"width\":4917,\"height\":2202,\"caption\":\"PETRUS\"},\"image\":{\"@id\":\"https:\/\/petruscaffe.com\/#\/schema\/logo\/image\/\"}}]}<\/script>\n<!-- \/ Yoast SEO plugin. -->","yoast_head_json":{"title":"Karijera u Petrusu | Petrus Restoran | Novi Sad","description":"Uvek smo u potrazi za velikim talentima. Sami zaposleni su postavili standard za izvanrednu korisni\u010dku uslugu. Uz ovakav tim, biraj svoju karijeru u Petrusu.","robots":{"index":"index","follow":"follow","max-snippet":"max-snippet:-1","max-image-preview":"max-image-preview:large","max-video-preview":"max-video-preview:-1"},"canonical":"https:\/\/petruscaffe.com\/hu\/karijera\/","og_locale":"hu_HU","og_type":"article","og_title":"Karijera u Petrusu | Petrus Restoran | Novi Sad","og_description":"Uvek smo u potrazi za velikim talentima. Sami zaposleni su postavili standard za izvanrednu korisni\u010dku uslugu. Uz ovakav tim, biraj svoju karijeru u Petrusu.","og_url":"https:\/\/petruscaffe.com\/hu\/karijera\/","og_site_name":"PETRUS","article_modified_time":"2022-01-06T16:11:44+00:00","og_image":[{"url":"https:\/\/petruscaffe.com\/wp-content\/uploads\/2022\/01\/karijera-9.webp"}],"twitter_card":"summary_large_image","twitter_misc":{"Becs\u00fclt olvas\u00e1si id\u0151":"1 perc"},"schema":{"@context":"https:\/\/schema.org","@graph":[{"@type":"WebPage","@id":"https:\/\/petruscaffe.com\/karijera\/","url":"https:\/\/petruscaffe.com\/karijera\/","name":"Karijera u Petrusu | Petrus Restoran | Novi Sad","isPartOf":{"@id":"https:\/\/petruscaffe.com\/#website"},"primaryImageOfPage":{"@id":"https:\/\/petruscaffe.com\/karijera\/#primaryimage"},"image":{"@id":"https:\/\/petruscaffe.com\/karijera\/#primaryimage"},"thumbnailUrl":"https:\/\/petruscaffe.com\/wp-content\/uploads\/2022\/01\/karijera-9.webp","datePublished":"2021-11-03T08:32:30+00:00","dateModified":"2022-01-06T16:11:44+00:00","description":"Uvek smo u potrazi za velikim talentima. Sami zaposleni su postavili standard za izvanrednu korisni\u010dku uslugu. Uz ovakav tim, biraj svoju karijeru u Petrusu.","breadcrumb":{"@id":"https:\/\/petruscaffe.com\/karijera\/#breadcrumb"},"inLanguage":"hu","potentialAction":[{"@type":"ReadAction","target":["https:\/\/petruscaffe.com\/karijera\/"]}]},{"@type":"ImageObject","inLanguage":"hu","@id":"https:\/\/petruscaffe.com\/karijera\/#primaryimage","url":"https:\/\/petruscaffe.com\/wp-content\/uploads\/2022\/01\/karijera-9.webp","contentUrl":"https:\/\/petruscaffe.com\/wp-content\/uploads\/2022\/01\/karijera-9.webp"},{"@type":"BreadcrumbList","@id":"https:\/\/petruscaffe.com\/karijera\/#breadcrumb","itemListElement":[{"@type":"ListItem","position":1,"name":"Po\u010detna","item":"https:\/\/petruscaffe.com\/"},{"@type":"ListItem","position":2,"name":"Karijera"}]},{"@type":"WebSite","@id":"https:\/\/petruscaffe.com\/#website","url":"https:\/\/petruscaffe.com\/","name":"PETRUS","description":"Caffe Gallery Bar","publisher":{"@id":"https:\/\/petruscaffe.com\/#organization"},"potentialAction":[{"@type":"SearchAction","target":{"@type":"EntryPoint","urlTemplate":"https:\/\/petruscaffe.com\/?s={search_term_string}"},"query-input":{"@type":"PropertyValueSpecification","valueRequired":true,"valueName":"search_term_string"}}],"inLanguage":"hu"},{"@type":"Organization","@id":"https:\/\/petruscaffe.com\/#organization","name":"PETRUS","url":"https:\/\/petruscaffe.com\/","logo":{"@type":"ImageObject","inLanguage":"hu","@id":"https:\/\/petruscaffe.com\/#\/schema\/logo\/image\/","url":"https:\/\/petruscaffe.com\/wp-content\/uploads\/2021\/10\/PETRUS-LOGO-ORIGINAL-PNG.png","contentUrl":"https:\/\/petruscaffe.com\/wp-content\/uploads\/2021\/10\/PETRUS-LOGO-ORIGINAL-PNG.png","width":4917,"height":2202,"caption":"PETRUS"},"image":{"@id":"https:\/\/petruscaffe.com\/#\/schema\/logo\/image\/"}}]}},"_links":{"self":[{"href":"https:\/\/petruscaffe.com\/hu\/wp-json\/wp\/v2\/pages\/6078"}],"collection":[{"href":"https:\/\/petruscaffe.com\/hu\/wp-json\/wp\/v2\/pages"}],"about":[{"href":"https:\/\/petruscaffe.com\/hu\/wp-json\/wp\/v2\/types\/page"}],"author":[{"embeddable":true,"href":"https:\/\/petruscaffe.com\/hu\/wp-json\/wp\/v2\/users\/1"}],"replies":[{"embeddable":true,"href":"https:\/\/petruscaffe.com\/hu\/wp-json\/wp\/v2\/comments?post=6078"}],"version-history":[{"count":173,"href":"https:\/\/petruscaffe.com\/hu\/wp-json\/wp\/v2\/pages\/6078\/revisions"}],"predecessor-version":[{"id":9771,"href":"https:\/\/petruscaffe.com\/hu\/wp-json\/wp\/v2\/pages\/6078\/revisions\/9771"}],"wp:attachment":[{"href":"https:\/\/petruscaffe.com\/hu\/wp-json\/wp\/v2\/media?parent=6078"}],"curies":[{"name":"wp","href":"https:\/\/api.w.org\/{rel}","templated":true}]}}